{"id":126,"date":"2022-06-21T15:44:56","date_gmt":"2022-06-21T15:44:56","guid":{"rendered":"https:\/\/blend.imm.medicina.ulisboa.pt\/?page_id=126"},"modified":"2023-01-18T10:52:26","modified_gmt":"2023-01-18T10:52:26","slug":"labor-paul-vanousse","status":"publish","type":"page","link":"https:\/\/blend.imm.medicina.ulisboa.pt\/labor-paul-vanousse\/","title":{"rendered":"Labor | Paul Vanousse"},"content":{"rendered":"\n<p class=\"has-text-align-right has-text-color\" style=\"color:#504e4e;font-size:40px\"><strong>Labor<\/strong><\/p>\n\n\n\n<p class=\"has-text-align-right has-text-color\" style=\"color:#858484;font-size:30px\">Paul Vanouse<\/p>\n\n\n\n<div class=\"wp-block-image\"><figure class=\"aligncenter size-large is-resized\"><img loading=\"lazy\" src=\"http:\/\/blend.imm.medicina.ulisboa.pt\/wp-content\/uploads\/sites\/30\/2022\/06\/labor-1-1024x683.jpg\" alt=\"\" class=\"wp-image-128\" width=\"768\" height=\"512\" srcset=\"https:\/\/blend.imm.medicina.ulisboa.pt\/wp-content\/uploads\/sites\/30\/2022\/06\/labor-1-1024x683.jpg 1024w, https:\/\/blend.imm.medicina.ulisboa.pt\/wp-content\/uploads\/sites\/30\/2022\/06\/labor-1-300x200.jpg 300w, https:\/\/blend.imm.medicina.ulisboa.pt\/wp-content\/uploads\/sites\/30\/2022\/06\/labor-1-768x512.jpg 768w, https:\/\/blend.imm.medicina.ulisboa.pt\/wp-content\/uploads\/sites\/30\/2022\/06\/labor-1-1536x1024.jpg 1536w, https:\/\/blend.imm.medicina.ulisboa.pt\/wp-content\/uploads\/sites\/30\/2022\/06\/labor-1-2048x1365.jpg 2048w\" sizes=\"(max-width: 768px) 100vw, 768px\" \/><\/figure><\/div>\n\n\n\n<p><strong>PT\/\/<\/strong><\/p>\n\n\n\n<p>A que cheira a explora\u00e7\u00e3o laboral? O projeto &#8220;Labor&#8221; \u00e9 uma instala\u00e7\u00e3o que enche uma galeria com a manifesta\u00e7\u00e3o visual do odor de pessoas que se exercitam sob stress.<\/p>\n\n\n\n<p>Este projeto reflete e questiona poeticamente a mudan\u00e7a na sociedade industrial, do trabalho humano e mec\u00e2nico para formas cada vez mais difundidas de produ\u00e7\u00e3o microbiana, e assim contemplar os contornos, sempre em mudan\u00e7a, que definem o ser humano.<\/p>\n\n\n\n<p>O cheiro do suor \u00e9, literalmente, o cheiro de duas esp\u00e9cies de bact\u00e9rias que se alimentam das excre\u00e7\u00f5es do corpo humano e que produzem os aromas acres e azedos que nos s\u00e3o familiares. Neste sentido, o odor do trabalho n\u00e3o \u00e9 realmente um cheiro humano, a menos que estejamos dispostos a redefinir o que constitui um ser humano.<\/p>\n\n\n\n<p>Isto pode ser chocante, j\u00e1 que a maioria das pessoas pensa que o seu cheiro faz parte de sua pr\u00f3pria condi\u00e7\u00e3o natural \u2013 ou seja que o seu cheiro \u00e9 o seu cheiro. Mas, de facto, \u00e9 muito mais complexo: o respons\u00e1vel pela determina\u00e7\u00e3o desta caracter\u00edstica \u201chumana\u201d bastante distintiva \u00e9 um cocktail de micro-organismos que habita os nossos corpos. Mas \u00e9 sem d\u00favida mais do que o nosso cheiro que est\u00e1 em jogo: um estudo recente determinou que &#8220;em m\u00e9dia, qualquer pessoa tem 182 esp\u00e9cies de bact\u00e9rias, em qualquer altura, a viver nos seus antebra\u00e7os, e cerca de 8% delas nunca foram formalmente identificadas por cientistas.&#8221;(The Independent, 2007). <\/p>\n\n\n\n<p>Estas descobertas sobre o grande n\u00famero de criaturas que vivem nos nossos corpos perturbam qualquer conceito reduzido de humanidade, uma vez que estas c\u00e9lulas s\u00e3o muito mais abundantes do que as c\u00e9lulas humanas e diferem de pessoa para pessoa, muito mais do que as c\u00e9lulas humanas.<\/p>\n\n\n\n<p>Neste contexto, o conceito do que, exatamente constitui uma pessoa est\u00e1 novamente sob o microsc\u00f3pio, n\u00e3o apenas para os cientistas, mas para a cultura em geral. Durante s\u00e9culos temos debatido quem \u00e9 considerado uma pessoa e quando: \u00e9 uma quest\u00e3o que domina o discurso pol\u00edtico nos \u00faltimos s\u00e9culos devido \u00e0 liga\u00e7\u00e3o ao trabalho e \u00e0 liberdade no mundo p\u00f3s-renascentista.<\/p>\n\n\n\n<p>Este projeto d\u00e1 continuidade a um processo que se foca nestas quest\u00f5es e, em particular, analisa como est\u00e3o vinculadas ao trabalho. Desde a industrializa\u00e7\u00e3o, o modelo da f\u00e1brica evoluiu do trabalho humano, para o trabalho mec\u00e2nico e, cada vez mais no s\u00e9culo XXI, para a produ\u00e7\u00e3o microbiana.<\/p>\n\n\n\n<p>Atualmente, a vida n\u00e3o humana produz uma vasta gama de produtos, incluindo enzimas, alimentos, bebidas, mat\u00e9rias-primas, combust\u00edveis e produtos farmac\u00eauticos. Em alguns casos, os pr\u00f3prios micro-organismos s\u00e3o o produto final, noutros a sua respira\u00e7\u00e3o produz produtos, e por vezes s\u00e3o colhidos para darem origem a componentes, tais como sequ\u00eancias gen\u00e9ticas, anticorpos ou prote\u00ednas. Estes novos organismos vivem literalmente para trabalhar. <\/p>\n\n\n\n<p>Estes novos processos industriais apontam para um aprofundamento da explora\u00e7\u00e3o da vida e dos processos vivos: design, engenharia, gest\u00e3o e o aumento do grau de comodidade da pr\u00f3pria vida.<\/p>\n\n\n\n<p>Eu associo &#8220;f\u00e1bricas&#8221; tanto \u00e0s casas de trabalho dos livros de Dickens, do s\u00e9culo XIX, como \u00e0s f\u00e1bricas neocoloniais em que os humanos trabalham at\u00e9 aos limites da sua for\u00e7a f\u00edsica e emocional para produzir bens materiais. A inten\u00e7\u00e3o do meu projeto \u00e9, paradoxalmente, produzir o cheiro desse trabalho humano como produto final, e n\u00e3o como subproduto ou desperd\u00edcio sup\u00e9rfluo. <\/p>\n\n\n\n<p>A premissa \u00e9 que, ironicamente, lamentamos a perda de postos de trabalho na f\u00e1brica devido \u00e0 terciariza\u00e7\u00e3o da economia, e o cheiro desse trabalho \u00e9 simultaneamente sinistro e sentimental.<\/p>\n\n\n\n<p><strong>ENG\/\/<\/strong><\/p>\n\n\n\n<p>What does exploitation smell like? &#8220;Labor&#8221; is an art installation that fills a gallery with visual manifestation of the scent of people exerting themselves in stressful conditions.<\/p>\n\n\n\n<p>This project poetically reflects and interrogates industrial society\u2019s shift from human and machine labor to increasingly pervasive forms of microbial manufacturing, and in this process contemplates the changing borders defining what is to be human.<\/p>\n\n\n\n<p>The smell of sweat is literally the smell of two species of bacteria that feed upon the excretions of the human body to produce the familiar acrid and sour scents. In this sense, the smell of labor is not actually a human scent, unless we are willing to redefine what constitutes a human.<\/p>\n\n\n\n<p>This may come as a shock, since most people think that the way they smell is part of their own natural condition \u2013 put simply, your smell is your smell. But in fact it is far more complex: a cocktail of microorganisms that live on and in us are the culprits who determine that rather distinctive \u201chuman\u201d feature. But it is arguably more than just whether we stink that is at stake: one recent study posits that \u201con average people have 182 species of bacteria living at any one time on their forearms, and about 8 per cent of these have never been formally described by scientists.\u201d (The Independent, 2007). <\/p>\n\n\n\n<p>Such findings about the vast numbers of creatures that live upon and in our bodies complicate any reductive sense of human-ness, since these cells vastly outnumber human cells and differ between persons far more than human cells do.<\/p>\n\n\n\n<p>In this context, the idea what exactly makes up a person is again under the microscope, not just for scientists, but for culture at large. For centuries we have been debating who gets to be considered a person and when: it is a question that dominates political discourse of the last few centuries because of the connection to labor and liberation in the post-renaissance world.<\/p>\n\n\n\n<p>My project is a continuation of a process that interrogates those issues and in particular looks at how they are tied to labor. Since industrialization, the factory model has shifted from human labor, to machine labor, and increasingly in the Twenty-first century to microbial manufacturing.<\/p>\n\n\n\n<p>Today, non-human life produces of a wide range of products, including enzymes, foods, beverages, feedstocks, fuels and pharmaceuticals. In many cases, genetically modified new species have been invented for the specific product they produce. In some cases the microorganisms themselves are the end products, in other cases their respiration produces products, and sometimes they are harvested for components, such as genetic sequences, antibodies, or proteins. <\/p>\n\n\n\n<p>They literally live to work. These new industrial processes point to a deepening of the exploitation of life and living processes: the design, engineering, management and commoditization of life itself.<\/p>\n\n\n\n<p>I associate \u201cfactories\u201d with both Dickensian, nineteenth-century workhouses, and neo-colonial sweatshops in which humans toil to the limits of their physical and emotional strength to produce material goods. The intent of my project is to paradoxically produce the scent of such human labor as an end product, rather than as bi-product or superfluous waste. The premise is that, ironically, we mourn the loss of factory jobs due to outsourcing and modernization and the scent of this labor is both ominous and sentimental.<\/p>\n\n\n\n<div class=\"wp-block-columns\">\n<div class=\"wp-block-column\">\n<figure class=\"wp-block-image size-large\"><img loading=\"lazy\" width=\"776\" height=\"1024\" src=\"http:\/\/blend.imm.medicina.ulisboa.pt\/wp-content\/uploads\/sites\/30\/2022\/06\/labor-2-776x1024.jpg\" alt=\"\" class=\"wp-image-129\" srcset=\"https:\/\/blend.imm.medicina.ulisboa.pt\/wp-content\/uploads\/sites\/30\/2022\/06\/labor-2-776x1024.jpg 776w, https:\/\/blend.imm.medicina.ulisboa.pt\/wp-content\/uploads\/sites\/30\/2022\/06\/labor-2-227x300.jpg 227w, https:\/\/blend.imm.medicina.ulisboa.pt\/wp-content\/uploads\/sites\/30\/2022\/06\/labor-2-768x1013.jpg 768w, https:\/\/blend.imm.medicina.ulisboa.pt\/wp-content\/uploads\/sites\/30\/2022\/06\/labor-2-1164x1536.jpg 1164w, https:\/\/blend.imm.medicina.ulisboa.pt\/wp-content\/uploads\/sites\/30\/2022\/06\/labor-2-1552x2048.jpg 1552w, https:\/\/blend.imm.medicina.ulisboa.pt\/wp-content\/uploads\/sites\/30\/2022\/06\/labor-2-scaled.jpg 1940w\" sizes=\"(max-width: 776px) 100vw, 776px\" \/><\/figure>\n<\/div>\n\n\n\n<div class=\"wp-block-column\">\n<figure class=\"wp-block-image size-large\"><img loading=\"lazy\" width=\"778\" height=\"1024\" src=\"http:\/\/blend.imm.medicina.ulisboa.pt\/wp-content\/uploads\/sites\/30\/2022\/06\/labor-5-778x1024.jpg\" alt=\"\" class=\"wp-image-132\" srcset=\"https:\/\/blend.imm.medicina.ulisboa.pt\/wp-content\/uploads\/sites\/30\/2022\/06\/labor-5-778x1024.jpg 778w, https:\/\/blend.imm.medicina.ulisboa.pt\/wp-content\/uploads\/sites\/30\/2022\/06\/labor-5-228x300.jpg 228w, https:\/\/blend.imm.medicina.ulisboa.pt\/wp-content\/uploads\/sites\/30\/2022\/06\/labor-5-768x1011.jpg 768w, https:\/\/blend.imm.medicina.ulisboa.pt\/wp-content\/uploads\/sites\/30\/2022\/06\/labor-5-1167x1536.jpg 1167w, https:\/\/blend.imm.medicina.ulisboa.pt\/wp-content\/uploads\/sites\/30\/2022\/06\/labor-5-1556x2048.jpg 1556w, https:\/\/blend.imm.medicina.ulisboa.pt\/wp-content\/uploads\/sites\/30\/2022\/06\/labor-5-scaled.jpg 1945w\" sizes=\"(max-width: 778px) 100vw, 778px\" \/><\/figure>\n<\/div>\n<\/div>\n\n\n\n<div class=\"wp-block-columns\">\n<div class=\"wp-block-column\">\n<figure class=\"wp-block-image size-large\"><img loading=\"lazy\" width=\"1024\" height=\"797\" src=\"http:\/\/blend.imm.medicina.ulisboa.pt\/wp-content\/uploads\/sites\/30\/2022\/06\/labor-3-1024x797.jpg\" alt=\"\" class=\"wp-image-130\" srcset=\"https:\/\/blend.imm.medicina.ulisboa.pt\/wp-content\/uploads\/sites\/30\/2022\/06\/labor-3-1024x797.jpg 1024w, https:\/\/blend.imm.medicina.ulisboa.pt\/wp-content\/uploads\/sites\/30\/2022\/06\/labor-3-300x233.jpg 300w, https:\/\/blend.imm.medicina.ulisboa.pt\/wp-content\/uploads\/sites\/30\/2022\/06\/labor-3-768x597.jpg 768w, https:\/\/blend.imm.medicina.ulisboa.pt\/wp-content\/uploads\/sites\/30\/2022\/06\/labor-3-1536x1195.jpg 1536w, https:\/\/blend.imm.medicina.ulisboa.pt\/wp-content\/uploads\/sites\/30\/2022\/06\/labor-3-2048x1593.jpg 2048w\" sizes=\"(max-width: 1024px) 100vw, 1024px\" \/><\/figure>\n<\/div>\n\n\n\n<div class=\"wp-block-column\">\n<figure class=\"wp-block-image size-large is-resized\"><img loading=\"lazy\" src=\"http:\/\/blend.imm.medicina.ulisboa.pt\/wp-content\/uploads\/sites\/30\/2022\/06\/labor-4-1024x777.jpg\" alt=\"\" class=\"wp-image-131\" width=\"416\" height=\"315\" srcset=\"https:\/\/blend.imm.medicina.ulisboa.pt\/wp-content\/uploads\/sites\/30\/2022\/06\/labor-4-1024x777.jpg 1024w, https:\/\/blend.imm.medicina.ulisboa.pt\/wp-content\/uploads\/sites\/30\/2022\/06\/labor-4-300x228.jpg 300w, https:\/\/blend.imm.medicina.ulisboa.pt\/wp-content\/uploads\/sites\/30\/2022\/06\/labor-4-768x583.jpg 768w, https:\/\/blend.imm.medicina.ulisboa.pt\/wp-content\/uploads\/sites\/30\/2022\/06\/labor-4-1536x1166.jpg 1536w, https:\/\/blend.imm.medicina.ulisboa.pt\/wp-content\/uploads\/sites\/30\/2022\/06\/labor-4-2048x1554.jpg 2048w\" sizes=\"(max-width: 416px) 100vw, 416px\" \/><\/figure>\n<\/div>\n<\/div>\n\n\n\n<div class=\"wp-block-columns\">\n<div class=\"wp-block-column\">\n<figure class=\"wp-block-image size-large\"><img loading=\"lazy\" width=\"1024\" height=\"576\" src=\"https:\/\/blend.imm.medicina.ulisboa.pt\/wp-content\/uploads\/sites\/30\/2023\/01\/Labor-1-1024x576.jpeg\" alt=\"\" class=\"wp-image-280\" srcset=\"https:\/\/blend.imm.medicina.ulisboa.pt\/wp-content\/uploads\/sites\/30\/2023\/01\/Labor-1-1024x576.jpeg 1024w, https:\/\/blend.imm.medicina.ulisboa.pt\/wp-content\/uploads\/sites\/30\/2023\/01\/Labor-1-300x169.jpeg 300w, https:\/\/blend.imm.medicina.ulisboa.pt\/wp-content\/uploads\/sites\/30\/2023\/01\/Labor-1-768x432.jpeg 768w, https:\/\/blend.imm.medicina.ulisboa.pt\/wp-content\/uploads\/sites\/30\/2023\/01\/Labor-1-1536x864.jpeg 1536w, https:\/\/blend.imm.medicina.ulisboa.pt\/wp-content\/uploads\/sites\/30\/2023\/01\/Labor-1.jpeg 1599w\" sizes=\"(max-width: 1024px) 100vw, 1024px\" \/><\/figure>\n<\/div>\n\n\n\n<div class=\"wp-block-column\">\n<figure class=\"wp-block-image size-large\"><img loading=\"lazy\" width=\"1024\" height=\"576\" src=\"https:\/\/blend.imm.medicina.ulisboa.pt\/wp-content\/uploads\/sites\/30\/2023\/01\/Labor-2-1024x576.jpeg\" alt=\"\" class=\"wp-image-281\" srcset=\"https:\/\/blend.imm.medicina.ulisboa.pt\/wp-content\/uploads\/sites\/30\/2023\/01\/Labor-2-1024x576.jpeg 1024w, https:\/\/blend.imm.medicina.ulisboa.pt\/wp-content\/uploads\/sites\/30\/2023\/01\/Labor-2-300x169.jpeg 300w, https:\/\/blend.imm.medicina.ulisboa.pt\/wp-content\/uploads\/sites\/30\/2023\/01\/Labor-2-768x432.jpeg 768w, https:\/\/blend.imm.medicina.ulisboa.pt\/wp-content\/uploads\/sites\/30\/2023\/01\/Labor-2-1536x864.jpeg 1536w, https:\/\/blend.imm.medicina.ulisboa.pt\/wp-content\/uploads\/sites\/30\/2023\/01\/Labor-2.jpeg 1599w\" sizes=\"(max-width: 1024px) 100vw, 1024px\" \/><\/figure>\n<\/div>\n<\/div>\n\n\n\n<hr class=\"wp-block-separator is-style-wide\"\/>\n\n\n\n<p class=\"has-text-color\" style=\"color:#858484;font-size:30px\"><strong>BIO<\/strong><\/p>\n\n\n\n<p><strong>PT\/\/<\/strong><\/p>\n\n\n\n<p>Paul Vanouse \u00e9 um artista que trabalha em novos Media emergentes. A sua pr\u00e1tica \u00e9 guiada por uma interdisciplinaridade radical e um amadorismo apaixonado. Desde o in\u00edcio dos anos 90 que o seu trabalho tem explorado assuntos complexos levantados por v\u00e1rias novas tecnoci\u00eancias, utilizando estas mesmas tecnoci\u00eancias como um medium. Os seus trabalhos t\u00eam inclu\u00eddo dispositivos de recolha de dados que examinam as ramifica\u00e7\u00f5es da sondagem e categoriza\u00e7\u00e3o, experi\u00eancias gen\u00e9ticas que comprometem as constru\u00e7\u00f5es cient\u00edficas de ra\u00e7a e de identidade, e organiza\u00e7\u00f5es tempor\u00e1rias que criticam de forma l\u00fadica a institucionaliza\u00e7\u00e3o e a corporiza\u00e7\u00e3o. Estas &#8220;Fic\u00e7\u00f5es Operacionais&#8221; s\u00e3o entidades h\u00edbridas &#8211; simultaneamente objetos reais e representa\u00e7\u00f5es fantasiosas \u2013 com a intens\u00e3o de ressoar no contexto hiper-real da paisagem eletr\u00f3nica contempor\u00e2nea.<\/p>\n\n\n\n<p><strong>ENG\/\/<\/strong><\/p>\n\n\n\n<p>Paul Vanouse is an artist working in Emerging Media forms. Radical inter-disciplinarity and impassioned amateurism guide his practice. Since the early 1990s his artwork has addressed complex issues raised by varied new techno-sciences using these very techno-sciences as a medium. His artworks have included data collection devices that examine the ramifications of polling and categorization, genetic experiments that undermine scientific constructions of race and identity, and temporary organizations that playfully critique institutionalization and corporatization. These &#8220;Operational Fictions&#8221; are hybrid entities&#8211;simultaneously real things and fanciful representations&#8211;intended to resonate in the equally hyper-real context of the contemporary electronic landscape.<\/p>\n","protected":false},"excerpt":{"rendered":"<p>Labor Paul Vanouse PT\/\/ A que cheira a explora\u00e7\u00e3o laboral? O projeto &#8220;Labor&#8221; \u00e9 uma instala\u00e7\u00e3o que enche uma galeria com a manifesta\u00e7\u00e3o visual do odor de pessoas que se exercitam sob stress. Este projeto reflete e questiona poeticamente a mudan\u00e7a na sociedade industrial, do trabalho humano e mec\u00e2nico para formas cada vez mais difundidas &hellip; <a href=\"https:\/\/blend.imm.medicina.ulisboa.pt\/labor-paul-vanousse\/\">Continued<\/a><\/p>\n","protected":false},"author":13,"featured_media":0,"parent":0,"menu_order":0,"comment_status":"closed","ping_status":"closed","template":"views\/template-900.blade.php","meta":[],"yoast_head":"<!-- This site is optimized with the Yoast SEO plugin v17.4 - https:\/\/yoast.com\/wordpress\/plugins\/seo\/ -->\n<title>Labor | Paul Vanousse - Blend<\/title>\n<meta name=\"robots\" content=\"index, follow, max-snippet:-1, max-image-preview:large, max-video-preview:-1\" \/>\n<link rel=\"canonical\" href=\"https:\/\/blend.imm.medicina.ulisboa.pt\/labor-paul-vanousse\/\" \/>\n<meta property=\"og:locale\" content=\"pt_PT\" \/>\n<meta property=\"og:type\" content=\"article\" \/>\n<meta property=\"og:title\" content=\"Labor | Paul Vanousse - Blend\" \/>\n<meta property=\"og:description\" content=\"Labor Paul Vanouse PT\/\/ A que cheira a explora\u00e7\u00e3o laboral? O projeto &#8220;Labor&#8221; \u00e9 uma instala\u00e7\u00e3o que enche uma galeria com a manifesta\u00e7\u00e3o visual do odor de pessoas que se exercitam sob stress. Este projeto reflete e questiona poeticamente a mudan\u00e7a na sociedade industrial, do trabalho humano e mec\u00e2nico para formas cada vez mais difundidas &hellip; Continued\" \/>\n<meta property=\"og:url\" content=\"https:\/\/blend.imm.medicina.ulisboa.pt\/labor-paul-vanousse\/\" \/>\n<meta property=\"og:site_name\" content=\"Blend\" \/>\n<meta property=\"article:modified_time\" content=\"2023-01-18T10:52:26+00:00\" \/>\n<meta property=\"og:image\" content=\"http:\/\/blend.imm.medicina.ulisboa.pt\/wp-content\/uploads\/sites\/30\/2022\/06\/labor-1-1024x683.jpg\" \/>\n<meta name=\"twitter:card\" content=\"summary_large_image\" \/>\n<meta name=\"twitter:label1\" content=\"Tempo estimado de leitura\" \/>\n\t<meta name=\"twitter:data1\" content=\"8 minutos\" \/>\n<script type=\"application\/ld+json\" class=\"yoast-schema-graph\">{\"@context\":\"https:\/\/schema.org\",\"@graph\":[{\"@type\":\"WebSite\",\"@id\":\"https:\/\/blend.imm.medicina.ulisboa.pt\/en\/#website\",\"url\":\"https:\/\/blend.imm.medicina.ulisboa.pt\/en\/\",\"name\":\"Blend\",\"description\":\"Arte contempor\\u00e2nea em di\\u00e1logo com medicina e ci\\u00eancia\",\"potentialAction\":[{\"@type\":\"SearchAction\",\"target\":{\"@type\":\"EntryPoint\",\"urlTemplate\":\"https:\/\/blend.imm.medicina.ulisboa.pt\/en\/?s={search_term_string}\"},\"query-input\":\"required name=search_term_string\"}],\"inLanguage\":\"pt-PT\"},{\"@type\":\"ImageObject\",\"@id\":\"https:\/\/blend.imm.medicina.ulisboa.pt\/labor-paul-vanousse\/#primaryimage\",\"inLanguage\":\"pt-PT\",\"url\":\"http:\/\/blend.imm.medicina.ulisboa.pt\/wp-content\/uploads\/sites\/30\/2022\/06\/labor-1-1024x683.jpg\",\"contentUrl\":\"http:\/\/blend.imm.medicina.ulisboa.pt\/wp-content\/uploads\/sites\/30\/2022\/06\/labor-1-1024x683.jpg\"},{\"@type\":\"WebPage\",\"@id\":\"https:\/\/blend.imm.medicina.ulisboa.pt\/labor-paul-vanousse\/#webpage\",\"url\":\"https:\/\/blend.imm.medicina.ulisboa.pt\/labor-paul-vanousse\/\",\"name\":\"Labor | Paul Vanousse - Blend\",\"isPartOf\":{\"@id\":\"https:\/\/blend.imm.medicina.ulisboa.pt\/en\/#website\"},\"primaryImageOfPage\":{\"@id\":\"https:\/\/blend.imm.medicina.ulisboa.pt\/labor-paul-vanousse\/#primaryimage\"},\"datePublished\":\"2022-06-21T15:44:56+00:00\",\"dateModified\":\"2023-01-18T10:52:26+00:00\",\"breadcrumb\":{\"@id\":\"https:\/\/blend.imm.medicina.ulisboa.pt\/labor-paul-vanousse\/#breadcrumb\"},\"inLanguage\":\"pt-PT\",\"potentialAction\":[{\"@type\":\"ReadAction\",\"target\":[\"https:\/\/blend.imm.medicina.ulisboa.pt\/labor-paul-vanousse\/\"]}]},{\"@type\":\"BreadcrumbList\",\"@id\":\"https:\/\/blend.imm.medicina.ulisboa.pt\/labor-paul-vanousse\/#breadcrumb\",\"itemListElement\":[{\"@type\":\"ListItem\",\"position\":1,\"name\":\"Home\",\"item\":\"https:\/\/blend.imm.medicina.ulisboa.pt\/\"},{\"@type\":\"ListItem\",\"position\":2,\"name\":\"Labor | Paul Vanousse\"}]}]}<\/script>\n<!-- \/ Yoast SEO plugin. -->","yoast_head_json":{"title":"Labor | Paul Vanousse - Blend","robots":{"index":"index","follow":"follow","max-snippet":"max-snippet:-1","max-image-preview":"max-image-preview:large","max-video-preview":"max-video-preview:-1"},"canonical":"https:\/\/blend.imm.medicina.ulisboa.pt\/labor-paul-vanousse\/","og_locale":"pt_PT","og_type":"article","og_title":"Labor | Paul Vanousse - Blend","og_description":"Labor Paul Vanouse PT\/\/ A que cheira a explora\u00e7\u00e3o laboral? O projeto &#8220;Labor&#8221; \u00e9 uma instala\u00e7\u00e3o que enche uma galeria com a manifesta\u00e7\u00e3o visual do odor de pessoas que se exercitam sob stress. Este projeto reflete e questiona poeticamente a mudan\u00e7a na sociedade industrial, do trabalho humano e mec\u00e2nico para formas cada vez mais difundidas &hellip; Continued","og_url":"https:\/\/blend.imm.medicina.ulisboa.pt\/labor-paul-vanousse\/","og_site_name":"Blend","article_modified_time":"2023-01-18T10:52:26+00:00","og_image":[{"url":"http:\/\/blend.imm.medicina.ulisboa.pt\/wp-content\/uploads\/sites\/30\/2022\/06\/labor-1-1024x683.jpg"}],"twitter_card":"summary_large_image","twitter_misc":{"Tempo estimado de leitura":"8 minutos"},"schema":{"@context":"https:\/\/schema.org","@graph":[{"@type":"WebSite","@id":"https:\/\/blend.imm.medicina.ulisboa.pt\/en\/#website","url":"https:\/\/blend.imm.medicina.ulisboa.pt\/en\/","name":"Blend","description":"Arte contempor\u00e2nea em di\u00e1logo com medicina e ci\u00eancia","potentialAction":[{"@type":"SearchAction","target":{"@type":"EntryPoint","urlTemplate":"https:\/\/blend.imm.medicina.ulisboa.pt\/en\/?s={search_term_string}"},"query-input":"required name=search_term_string"}],"inLanguage":"pt-PT"},{"@type":"ImageObject","@id":"https:\/\/blend.imm.medicina.ulisboa.pt\/labor-paul-vanousse\/#primaryimage","inLanguage":"pt-PT","url":"http:\/\/blend.imm.medicina.ulisboa.pt\/wp-content\/uploads\/sites\/30\/2022\/06\/labor-1-1024x683.jpg","contentUrl":"http:\/\/blend.imm.medicina.ulisboa.pt\/wp-content\/uploads\/sites\/30\/2022\/06\/labor-1-1024x683.jpg"},{"@type":"WebPage","@id":"https:\/\/blend.imm.medicina.ulisboa.pt\/labor-paul-vanousse\/#webpage","url":"https:\/\/blend.imm.medicina.ulisboa.pt\/labor-paul-vanousse\/","name":"Labor | Paul Vanousse - Blend","isPartOf":{"@id":"https:\/\/blend.imm.medicina.ulisboa.pt\/en\/#website"},"primaryImageOfPage":{"@id":"https:\/\/blend.imm.medicina.ulisboa.pt\/labor-paul-vanousse\/#primaryimage"},"datePublished":"2022-06-21T15:44:56+00:00","dateModified":"2023-01-18T10:52:26+00:00","breadcrumb":{"@id":"https:\/\/blend.imm.medicina.ulisboa.pt\/labor-paul-vanousse\/#breadcrumb"},"inLanguage":"pt-PT","potentialAction":[{"@type":"ReadAction","target":["https:\/\/blend.imm.medicina.ulisboa.pt\/labor-paul-vanousse\/"]}]},{"@type":"BreadcrumbList","@id":"https:\/\/blend.imm.medicina.ulisboa.pt\/labor-paul-vanousse\/#breadcrumb","itemListElement":[{"@type":"ListItem","position":1,"name":"Home","item":"https:\/\/blend.imm.medicina.ulisboa.pt\/"},{"@type":"ListItem","position":2,"name":"Labor | Paul Vanousse"}]}]}},"_links":{"self":[{"href":"https:\/\/blend.imm.medicina.ulisboa.pt\/en\/wp-json\/wp\/v2\/pages\/126"}],"collection":[{"href":"https:\/\/blend.imm.medicina.ulisboa.pt\/en\/wp-json\/wp\/v2\/pages"}],"about":[{"href":"https:\/\/blend.imm.medicina.ulisboa.pt\/en\/wp-json\/wp\/v2\/types\/page"}],"author":[{"embeddable":true,"href":"https:\/\/blend.imm.medicina.ulisboa.pt\/en\/wp-json\/wp\/v2\/users\/13"}],"replies":[{"embeddable":true,"href":"https:\/\/blend.imm.medicina.ulisboa.pt\/en\/wp-json\/wp\/v2\/comments?post=126"}],"version-history":[{"count":7,"href":"https:\/\/blend.imm.medicina.ulisboa.pt\/en\/wp-json\/wp\/v2\/pages\/126\/revisions"}],"predecessor-version":[{"id":283,"href":"https:\/\/blend.imm.medicina.ulisboa.pt\/en\/wp-json\/wp\/v2\/pages\/126\/revisions\/283"}],"wp:attachment":[{"href":"https:\/\/blend.imm.medicina.ulisboa.pt\/en\/wp-json\/wp\/v2\/media?parent=126"}],"curies":[{"name":"wp","href":"https:\/\/api.w.org\/{rel}","templated":true}]}}