{"id":13,"date":"2022-04-19T13:14:26","date_gmt":"2022-04-19T13:14:26","guid":{"rendered":"https:\/\/blend.imm.medicina.ulisboa.pt\/?page_id=13"},"modified":"2023-11-09T09:20:21","modified_gmt":"2023-11-09T09:20:21","slug":"exposicoes","status":"publish","type":"page","link":"https:\/\/blend.imm.medicina.ulisboa.pt\/exposicoes\/","title":{"rendered":"Exhibitions"},"content":{"rendered":"\n<p class=\"has-text-align-right has-text-color\" style=\"color:#504e4e;font-size:50px\"><strong>Exhibitions<\/strong><\/p>\n\n\n\n<p><strong>PT\/\/<\/strong><\/p>\n\n\n\n<p>Ao dar o in\u00edcio ao projeto Blend vamos apresentar e expor obras de arte contempor\u00e2nea, que mostram diferentes tipos de rela\u00e7\u00e3o entre arte e ci\u00eancia no hall de entrada do Instituto de Medicina Molecular Jo\u00e3o Lobo Antunes. Ser\u00e1 dada prioridade aos artistas que vir\u00e3o participar em resid\u00eancias. Teremos uma oportunidade excepcional de mostrar \u00e0 nossa comunidade exemplos do seu trabalho anterior, que poder\u00e3o servir como ponto de partida para discuss\u00f5es entre membros da nossa comunidade e esses artistas.<\/p>\n\n\n\n<p>O trabalho em exibi\u00e7\u00e3o nas pr\u00f3ximas seis semanas s\u00e3o:<\/p>\n\n\n\n<p><strong>ENG\/\/<\/strong><\/p>\n\n\n\n<p>As we kick off the Blend project, we will present and exhibit works of contemporary art, which show different types of relationship between art and science in the entrance hall of the Instituto de Medicina Molecular Jo\u00e3o Lobo Antunes. Priority will be given to artists who will participate in residencies. We will have an exceptional opportunity to show our community examples of their past work, which can serve as a starting point for discussions between members of our community and these artists.<\/p>\n\n\n\n<p>The work in exhibition over the next 6 weeks is:<\/p>\n\n\n\n<div class=\"wp-block-image\"><figure class=\"aligncenter size-large is-resized\"><img loading=\"lazy\" src=\"https:\/\/blend.imm.medicina.ulisboa.pt\/wp-content\/uploads\/sites\/30\/2023\/11\/Opening_Exhibition_Outubro_03-1024x597.png\" alt=\"\" class=\"wp-image-403\" width=\"768\" height=\"448\" srcset=\"https:\/\/blend.imm.medicina.ulisboa.pt\/wp-content\/uploads\/sites\/30\/2023\/11\/Opening_Exhibition_Outubro_03-1024x597.png 1024w, https:\/\/blend.imm.medicina.ulisboa.pt\/wp-content\/uploads\/sites\/30\/2023\/11\/Opening_Exhibition_Outubro_03-300x175.png 300w, https:\/\/blend.imm.medicina.ulisboa.pt\/wp-content\/uploads\/sites\/30\/2023\/11\/Opening_Exhibition_Outubro_03-768x448.png 768w, https:\/\/blend.imm.medicina.ulisboa.pt\/wp-content\/uploads\/sites\/30\/2023\/11\/Opening_Exhibition_Outubro_03.png 1200w\" sizes=\"(max-width: 768px) 100vw, 768px\" \/><\/figure><\/div>\n\n\n\n<ul><li><strong>A divina psique | Sally Santiago<\/strong><\/li><\/ul>\n\n\n\n<p><strong>PT\/\/<\/strong><\/p>\n\n\n\n<p>Como modelos estruturados n\u00e3o apenas pela rela\u00e7\u00e3o com o mundo real, mas tamb\u00e9m pela capacidade do indiv\u00edduo de modelar e simular processos mundiais em sua mente, de uma forma \u00fanica e particular, os mental models evidenciam e permitem a personaliza\u00e7\u00e3o dos processos de pensamento de cada indiv\u00edduo. Tal como cada pessoa tem uma forma \u00fanica de articular as suas ideias e pensamentos, \u2018A divina psique\u2019 traz a suposi\u00e7\u00e3o de sua pr\u00f3pria mente, de seus pr\u00f3prios processos de racioc\u00ednio ali ativos e constantes, com um car\u00e1ter \u00edntimo e imprevis\u00edvel, que beira o desconhecido at\u00e9 mesmo ao pr\u00f3prio ser pensante.<\/p>\n\n\n\n<p>\u00c9 neste representar de um &#8220;misterioso movimento cognitivo&#8221; que imagens de microsc\u00f3pio retiradas de amostras de \u00e1gua e barro de uma lagoa localizada no Brasil s\u00e3o trazidas para a instala\u00e7\u00e3o de v\u00eddeo estabelecendo uma associa\u00e7\u00e3o entre dois espa\u00e7os desconhecidos. Ao entender a \u00e1gua e o barro como elementos em constante &#8220;movimento&#8221;, pelo desenvolvimento de organismos vivos, este ecossistema \u00e9 trazido como imagem para o v\u00eddeo a fim de associ\u00e1-lo \u00e0 mente, onde acontecem as articula\u00e7\u00f5es e conex\u00f5es do pensamento, evidenciando os respectivos &#8220;movimentos&#8221; destes dois espa\u00e7os &#8211; evolu\u00e7\u00e3o cognitiva e de ecossistema.<\/p>\n\n\n\n<p><strong>EN\/\/<\/strong><\/p>\n\n\n\n<p>As structured models are shaped not only by their relationship with the real world but also by an individual&#8217;s capacity to model and simulate global processes in their mind, mental models reveal and allow for the customization of each individual&#8217;s thought processes. Just as each person has a unique way of articulating their ideas and thoughts, \u2018The divine psyche\u2019 brings forth the assumption of its own mind, its own active and constant processes of reasoning, with an intimate and unpredictable character that borders on the unknown, even to the thinking self.<\/p>\n\n\n\n<p>It is in this portrayal of a &#8220;mysterious cognitive movement&#8221; that microscope images taken from water and mud samples of a pond located in Brazil are brought into the video installation, establishing an association between two unfamiliar spaces. By understanding water and mud as elements in constant &#8220;motion&#8221; through the development of living organisms, this ecosystem is depicted in the video to be linked to the mind, where the articulations and connections of thought take place, highlighting the respective &#8220;movements&#8221; of these two spaces &#8211; cognitive evolution and ecosystem.<\/p>\n\n\n\n<div class=\"wp-block-columns\">\n<div class=\"wp-block-column\">\n<figure class=\"wp-block-image size-large\"><img loading=\"lazy\" width=\"1024\" height=\"683\" src=\"http:\/\/blend.imm.medicina.ulisboa.pt\/wp-content\/uploads\/sites\/30\/2023\/11\/Sally-c-1024x683.jpg\" alt=\"\" class=\"wp-image-393\" srcset=\"https:\/\/blend.imm.medicina.ulisboa.pt\/wp-content\/uploads\/sites\/30\/2023\/11\/Sally-c-1024x683.jpg 1024w, https:\/\/blend.imm.medicina.ulisboa.pt\/wp-content\/uploads\/sites\/30\/2023\/11\/Sally-c-300x200.jpg 300w, https:\/\/blend.imm.medicina.ulisboa.pt\/wp-content\/uploads\/sites\/30\/2023\/11\/Sally-c-768x512.jpg 768w, https:\/\/blend.imm.medicina.ulisboa.pt\/wp-content\/uploads\/sites\/30\/2023\/11\/Sally-c-1536x1024.jpg 1536w, https:\/\/blend.imm.medicina.ulisboa.pt\/wp-content\/uploads\/sites\/30\/2023\/11\/Sally-c-2048x1365.jpg 2048w\" sizes=\"(max-width: 1024px) 100vw, 1024px\" \/><\/figure>\n<\/div>\n<\/div>\n\n\n\n<div class=\"wp-block-columns\">\n<div class=\"wp-block-column\">\n<figure class=\"wp-block-image size-large\"><img loading=\"lazy\" width=\"1024\" height=\"683\" src=\"http:\/\/blend.imm.medicina.ulisboa.pt\/wp-content\/uploads\/sites\/30\/2023\/11\/Sally-a-1024x683.jpg\" alt=\"\" class=\"wp-image-394\" srcset=\"https:\/\/blend.imm.medicina.ulisboa.pt\/wp-content\/uploads\/sites\/30\/2023\/11\/Sally-a-1024x683.jpg 1024w, https:\/\/blend.imm.medicina.ulisboa.pt\/wp-content\/uploads\/sites\/30\/2023\/11\/Sally-a-300x200.jpg 300w, https:\/\/blend.imm.medicina.ulisboa.pt\/wp-content\/uploads\/sites\/30\/2023\/11\/Sally-a-768x512.jpg 768w, https:\/\/blend.imm.medicina.ulisboa.pt\/wp-content\/uploads\/sites\/30\/2023\/11\/Sally-a-1536x1024.jpg 1536w, https:\/\/blend.imm.medicina.ulisboa.pt\/wp-content\/uploads\/sites\/30\/2023\/11\/Sally-a-2048x1365.jpg 2048w\" sizes=\"(max-width: 1024px) 100vw, 1024px\" \/><\/figure>\n<\/div>\n\n\n\n<div class=\"wp-block-column\">\n<figure class=\"wp-block-image size-large\"><img loading=\"lazy\" width=\"1024\" height=\"683\" src=\"http:\/\/blend.imm.medicina.ulisboa.pt\/wp-content\/uploads\/sites\/30\/2023\/11\/Sally-b-1024x683.jpg\" alt=\"\" class=\"wp-image-395\" srcset=\"https:\/\/blend.imm.medicina.ulisboa.pt\/wp-content\/uploads\/sites\/30\/2023\/11\/Sally-b-1024x683.jpg 1024w, https:\/\/blend.imm.medicina.ulisboa.pt\/wp-content\/uploads\/sites\/30\/2023\/11\/Sally-b-300x200.jpg 300w, https:\/\/blend.imm.medicina.ulisboa.pt\/wp-content\/uploads\/sites\/30\/2023\/11\/Sally-b-768x513.jpg 768w, https:\/\/blend.imm.medicina.ulisboa.pt\/wp-content\/uploads\/sites\/30\/2023\/11\/Sally-b-1536x1025.jpg 1536w, https:\/\/blend.imm.medicina.ulisboa.pt\/wp-content\/uploads\/sites\/30\/2023\/11\/Sally-b-2048x1367.jpg 2048w\" sizes=\"(max-width: 1024px) 100vw, 1024px\" \/><\/figure>\n<\/div>\n<\/div>\n\n\n\n<hr class=\"wp-block-separator is-style-wide\"\/>\n\n\n\n<ul><li><strong>Memory Catcher | Jelena Mati\u010di\u0107<\/strong><\/li><\/ul>\n\n\n\n<p><strong>PT\/\/<\/strong><\/p>\n\n\n\n<p>\u201cMemory Catcher\u201d [Espanta Mem\u00f3rias] \u00e9 uma instala\u00e7\u00e3o interativa inspirada na Escola de Ver\u00e3o da Cultivamos Cultura. Tem a inten\u00e7\u00e3o de captar e preservar o interc\u00e2mbio que decorreu entre experi\u00eancias, conhecimentos e pessoas.<\/p>\n\n\n\n<p>Atrav\u00e9s da t\u00e9cnica do crochet o ADN e\/ou os pertences pessoais dos participantes tornam-se parte do mesmo corpo, forjando a sua associa\u00e7\u00e3o e interliga\u00e7\u00e3o atrav\u00e9s desta mem\u00f3ria comum. Todos os anos esta instala\u00e7\u00e3o pode ser revisitada e expandida com a presen\u00e7a e mem\u00f3ria de novos participantes.<\/p>\n\n\n\n<p><strong>ENG\/\/<\/strong><\/p>\n\n\n\n<p>&#8220;Memory Catcher&#8221; is an interactive installation inspired by Cultivamos Cultura&#8217;s Summer School. Its intention is to capture and preserve the exchange that took place between experiences, knowledge, and people.<\/p>\n\n\n\n<p>Through the crochet technique, the DNA and\/or personal belongings of the participants become part of the same body, forging their association and interconnection through this common memory. Every year this installation can be revisited and expanded with the presence and memory of new participants.<\/p>\n\n\n\n<div class=\"wp-block-image\"><figure class=\"aligncenter size-large\"><img loading=\"lazy\" width=\"1024\" height=\"643\" src=\"http:\/\/blend.imm.medicina.ulisboa.pt\/wp-content\/uploads\/sites\/30\/2023\/11\/Jelena-a-1024x643.jpg\" alt=\"\" class=\"wp-image-388\" srcset=\"https:\/\/blend.imm.medicina.ulisboa.pt\/wp-content\/uploads\/sites\/30\/2023\/11\/Jelena-a-1024x643.jpg 1024w, https:\/\/blend.imm.medicina.ulisboa.pt\/wp-content\/uploads\/sites\/30\/2023\/11\/Jelena-a-300x188.jpg 300w, https:\/\/blend.imm.medicina.ulisboa.pt\/wp-content\/uploads\/sites\/30\/2023\/11\/Jelena-a-768x482.jpg 768w, https:\/\/blend.imm.medicina.ulisboa.pt\/wp-content\/uploads\/sites\/30\/2023\/11\/Jelena-a-1536x965.jpg 1536w, https:\/\/blend.imm.medicina.ulisboa.pt\/wp-content\/uploads\/sites\/30\/2023\/11\/Jelena-a-2048x1286.jpg 2048w\" sizes=\"(max-width: 1024px) 100vw, 1024px\" \/><\/figure><\/div>\n\n\n\n<div class=\"wp-block-columns\">\n<div class=\"wp-block-column\">\n<figure class=\"wp-block-image size-full\"><img loading=\"lazy\" width=\"960\" height=\"642\" src=\"http:\/\/blend.imm.medicina.ulisboa.pt\/wp-content\/uploads\/sites\/30\/2023\/11\/Jelena-c.jpg\" alt=\"\" class=\"wp-image-389\" srcset=\"https:\/\/blend.imm.medicina.ulisboa.pt\/wp-content\/uploads\/sites\/30\/2023\/11\/Jelena-c.jpg 960w, https:\/\/blend.imm.medicina.ulisboa.pt\/wp-content\/uploads\/sites\/30\/2023\/11\/Jelena-c-300x201.jpg 300w, https:\/\/blend.imm.medicina.ulisboa.pt\/wp-content\/uploads\/sites\/30\/2023\/11\/Jelena-c-768x514.jpg 768w\" sizes=\"(max-width: 960px) 100vw, 960px\" \/><\/figure>\n<\/div>\n\n\n\n<div class=\"wp-block-column is-vertically-aligned-center\">\n<figure class=\"wp-block-image size-large\"><img loading=\"lazy\" width=\"1024\" height=\"576\" src=\"http:\/\/blend.imm.medicina.ulisboa.pt\/wp-content\/uploads\/sites\/30\/2023\/11\/Jelena-b-1024x576.jpg\" alt=\"\" class=\"wp-image-390\" srcset=\"https:\/\/blend.imm.medicina.ulisboa.pt\/wp-content\/uploads\/sites\/30\/2023\/11\/Jelena-b-1024x576.jpg 1024w, https:\/\/blend.imm.medicina.ulisboa.pt\/wp-content\/uploads\/sites\/30\/2023\/11\/Jelena-b-300x169.jpg 300w, https:\/\/blend.imm.medicina.ulisboa.pt\/wp-content\/uploads\/sites\/30\/2023\/11\/Jelena-b-768x432.jpg 768w, https:\/\/blend.imm.medicina.ulisboa.pt\/wp-content\/uploads\/sites\/30\/2023\/11\/Jelena-b-1536x864.jpg 1536w, https:\/\/blend.imm.medicina.ulisboa.pt\/wp-content\/uploads\/sites\/30\/2023\/11\/Jelena-b-2048x1152.jpg 2048w\" sizes=\"(max-width: 1024px) 100vw, 1024px\" \/><\/figure>\n<\/div>\n<\/div>\n","protected":false},"excerpt":{"rendered":"<p>Exhibitions PT\/\/ Ao dar o in\u00edcio ao projeto Blend vamos apresentar e expor obras de arte contempor\u00e2nea, que mostram diferentes tipos de rela\u00e7\u00e3o entre arte e ci\u00eancia no hall de entrada do Instituto de Medicina Molecular Jo\u00e3o Lobo Antunes. Ser\u00e1 dada prioridade aos artistas que vir\u00e3o participar em resid\u00eancias. Teremos uma oportunidade excepcional de mostrar &hellip; <a href=\"https:\/\/blend.imm.medicina.ulisboa.pt\/exposicoes\/\">Continued<\/a><\/p>\n","protected":false},"author":13,"featured_media":0,"parent":0,"menu_order":0,"comment_status":"closed","ping_status":"closed","template":"views\/template-900.blade.php","meta":[],"yoast_head":"<!-- This site is optimized with the Yoast SEO plugin v17.4 - https:\/\/yoast.com\/wordpress\/plugins\/seo\/ -->\n<title>Exhibitions - Blend<\/title>\n<meta name=\"robots\" content=\"index, follow, max-snippet:-1, max-image-preview:large, max-video-preview:-1\" \/>\n<link rel=\"canonical\" href=\"https:\/\/blend.imm.medicina.ulisboa.pt\/exposicoes\/\" \/>\n<meta property=\"og:locale\" content=\"pt_PT\" \/>\n<meta property=\"og:type\" content=\"article\" \/>\n<meta property=\"og:title\" content=\"Exhibitions - Blend\" \/>\n<meta property=\"og:description\" content=\"Exhibitions PT\/\/ Ao dar o in\u00edcio ao projeto Blend vamos apresentar e expor obras de arte contempor\u00e2nea, que mostram diferentes tipos de rela\u00e7\u00e3o entre arte e ci\u00eancia no hall de entrada do Instituto de Medicina Molecular Jo\u00e3o Lobo Antunes. Ser\u00e1 dada prioridade aos artistas que vir\u00e3o participar em resid\u00eancias. Teremos uma oportunidade excepcional de mostrar &hellip; Continued\" \/>\n<meta property=\"og:url\" content=\"https:\/\/blend.imm.medicina.ulisboa.pt\/exposicoes\/\" \/>\n<meta property=\"og:site_name\" content=\"Blend\" \/>\n<meta property=\"article:modified_time\" content=\"2023-11-09T09:20:21+00:00\" \/>\n<meta property=\"og:image\" content=\"https:\/\/blend.imm.medicina.ulisboa.pt\/wp-content\/uploads\/sites\/30\/2023\/11\/Opening_Exhibition_Outubro_03-1024x597.png\" \/>\n<meta name=\"twitter:card\" content=\"summary_large_image\" \/>\n<meta name=\"twitter:label1\" content=\"Tempo estimado de leitura\" \/>\n\t<meta name=\"twitter:data1\" content=\"5 minutos\" \/>\n<script type=\"application\/ld+json\" class=\"yoast-schema-graph\">{\"@context\":\"https:\/\/schema.org\",\"@graph\":[{\"@type\":\"WebSite\",\"@id\":\"https:\/\/blend.imm.medicina.ulisboa.pt\/en\/#website\",\"url\":\"https:\/\/blend.imm.medicina.ulisboa.pt\/en\/\",\"name\":\"Blend\",\"description\":\"Arte contempor\\u00e2nea em di\\u00e1logo com medicina e ci\\u00eancia\",\"potentialAction\":[{\"@type\":\"SearchAction\",\"target\":{\"@type\":\"EntryPoint\",\"urlTemplate\":\"https:\/\/blend.imm.medicina.ulisboa.pt\/en\/?s={search_term_string}\"},\"query-input\":\"required name=search_term_string\"}],\"inLanguage\":\"pt-PT\"},{\"@type\":\"ImageObject\",\"@id\":\"https:\/\/blend.imm.medicina.ulisboa.pt\/exposicoes\/#primaryimage\",\"inLanguage\":\"pt-PT\",\"url\":\"https:\/\/blend.imm.medicina.ulisboa.pt\/wp-content\/uploads\/sites\/30\/2023\/11\/Opening_Exhibition_Outubro_03.png\",\"contentUrl\":\"https:\/\/blend.imm.medicina.ulisboa.pt\/wp-content\/uploads\/sites\/30\/2023\/11\/Opening_Exhibition_Outubro_03.png\",\"width\":1200,\"height\":700},{\"@type\":\"WebPage\",\"@id\":\"https:\/\/blend.imm.medicina.ulisboa.pt\/exposicoes\/#webpage\",\"url\":\"https:\/\/blend.imm.medicina.ulisboa.pt\/exposicoes\/\",\"name\":\"Exhibitions - Blend\",\"isPartOf\":{\"@id\":\"https:\/\/blend.imm.medicina.ulisboa.pt\/en\/#website\"},\"primaryImageOfPage\":{\"@id\":\"https:\/\/blend.imm.medicina.ulisboa.pt\/exposicoes\/#primaryimage\"},\"datePublished\":\"2022-04-19T13:14:26+00:00\",\"dateModified\":\"2023-11-09T09:20:21+00:00\",\"breadcrumb\":{\"@id\":\"https:\/\/blend.imm.medicina.ulisboa.pt\/exposicoes\/#breadcrumb\"},\"inLanguage\":\"pt-PT\",\"potentialAction\":[{\"@type\":\"ReadAction\",\"target\":[\"https:\/\/blend.imm.medicina.ulisboa.pt\/exposicoes\/\"]}]},{\"@type\":\"BreadcrumbList\",\"@id\":\"https:\/\/blend.imm.medicina.ulisboa.pt\/exposicoes\/#breadcrumb\",\"itemListElement\":[{\"@type\":\"ListItem\",\"position\":1,\"name\":\"Home\",\"item\":\"https:\/\/blend.imm.medicina.ulisboa.pt\/\"},{\"@type\":\"ListItem\",\"position\":2,\"name\":\"Exhibitions\"}]}]}<\/script>\n<!-- \/ Yoast SEO plugin. -->","yoast_head_json":{"title":"Exhibitions - Blend","robots":{"index":"index","follow":"follow","max-snippet":"max-snippet:-1","max-image-preview":"max-image-preview:large","max-video-preview":"max-video-preview:-1"},"canonical":"https:\/\/blend.imm.medicina.ulisboa.pt\/exposicoes\/","og_locale":"pt_PT","og_type":"article","og_title":"Exhibitions - Blend","og_description":"Exhibitions PT\/\/ Ao dar o in\u00edcio ao projeto Blend vamos apresentar e expor obras de arte contempor\u00e2nea, que mostram diferentes tipos de rela\u00e7\u00e3o entre arte e ci\u00eancia no hall de entrada do Instituto de Medicina Molecular Jo\u00e3o Lobo Antunes. Ser\u00e1 dada prioridade aos artistas que vir\u00e3o participar em resid\u00eancias. Teremos uma oportunidade excepcional de mostrar &hellip; Continued","og_url":"https:\/\/blend.imm.medicina.ulisboa.pt\/exposicoes\/","og_site_name":"Blend","article_modified_time":"2023-11-09T09:20:21+00:00","og_image":[{"url":"https:\/\/blend.imm.medicina.ulisboa.pt\/wp-content\/uploads\/sites\/30\/2023\/11\/Opening_Exhibition_Outubro_03-1024x597.png"}],"twitter_card":"summary_large_image","twitter_misc":{"Tempo estimado de leitura":"5 minutos"},"schema":{"@context":"https:\/\/schema.org","@graph":[{"@type":"WebSite","@id":"https:\/\/blend.imm.medicina.ulisboa.pt\/en\/#website","url":"https:\/\/blend.imm.medicina.ulisboa.pt\/en\/","name":"Blend","description":"Arte contempor\u00e2nea em di\u00e1logo com medicina e ci\u00eancia","potentialAction":[{"@type":"SearchAction","target":{"@type":"EntryPoint","urlTemplate":"https:\/\/blend.imm.medicina.ulisboa.pt\/en\/?s={search_term_string}"},"query-input":"required name=search_term_string"}],"inLanguage":"pt-PT"},{"@type":"ImageObject","@id":"https:\/\/blend.imm.medicina.ulisboa.pt\/exposicoes\/#primaryimage","inLanguage":"pt-PT","url":"https:\/\/blend.imm.medicina.ulisboa.pt\/wp-content\/uploads\/sites\/30\/2023\/11\/Opening_Exhibition_Outubro_03.png","contentUrl":"https:\/\/blend.imm.medicina.ulisboa.pt\/wp-content\/uploads\/sites\/30\/2023\/11\/Opening_Exhibition_Outubro_03.png","width":1200,"height":700},{"@type":"WebPage","@id":"https:\/\/blend.imm.medicina.ulisboa.pt\/exposicoes\/#webpage","url":"https:\/\/blend.imm.medicina.ulisboa.pt\/exposicoes\/","name":"Exhibitions - Blend","isPartOf":{"@id":"https:\/\/blend.imm.medicina.ulisboa.pt\/en\/#website"},"primaryImageOfPage":{"@id":"https:\/\/blend.imm.medicina.ulisboa.pt\/exposicoes\/#primaryimage"},"datePublished":"2022-04-19T13:14:26+00:00","dateModified":"2023-11-09T09:20:21+00:00","breadcrumb":{"@id":"https:\/\/blend.imm.medicina.ulisboa.pt\/exposicoes\/#breadcrumb"},"inLanguage":"pt-PT","potentialAction":[{"@type":"ReadAction","target":["https:\/\/blend.imm.medicina.ulisboa.pt\/exposicoes\/"]}]},{"@type":"BreadcrumbList","@id":"https:\/\/blend.imm.medicina.ulisboa.pt\/exposicoes\/#breadcrumb","itemListElement":[{"@type":"ListItem","position":1,"name":"Home","item":"https:\/\/blend.imm.medicina.ulisboa.pt\/"},{"@type":"ListItem","position":2,"name":"Exhibitions"}]}]}},"_links":{"self":[{"href":"https:\/\/blend.imm.medicina.ulisboa.pt\/en\/wp-json\/wp\/v2\/pages\/13"}],"collection":[{"href":"https:\/\/blend.imm.medicina.ulisboa.pt\/en\/wp-json\/wp\/v2\/pages"}],"about":[{"href":"https:\/\/blend.imm.medicina.ulisboa.pt\/en\/wp-json\/wp\/v2\/types\/page"}],"author":[{"embeddable":true,"href":"https:\/\/blend.imm.medicina.ulisboa.pt\/en\/wp-json\/wp\/v2\/users\/13"}],"replies":[{"embeddable":true,"href":"https:\/\/blend.imm.medicina.ulisboa.pt\/en\/wp-json\/wp\/v2\/comments?post=13"}],"version-history":[{"count":20,"href":"https:\/\/blend.imm.medicina.ulisboa.pt\/en\/wp-json\/wp\/v2\/pages\/13\/revisions"}],"predecessor-version":[{"id":404,"href":"https:\/\/blend.imm.medicina.ulisboa.pt\/en\/wp-json\/wp\/v2\/pages\/13\/revisions\/404"}],"wp:attachment":[{"href":"https:\/\/blend.imm.medicina.ulisboa.pt\/en\/wp-json\/wp\/v2\/media?parent=13"}],"curies":[{"name":"wp","href":"https:\/\/api.w.org\/{rel}","templated":true}]}}