{"id":2,"date":"2022-04-11T15:09:25","date_gmt":"2022-04-11T15:09:25","guid":{"rendered":"http:\/\/blend.imm.medicina.ulisboa.pt\/?page_id=2"},"modified":"2023-11-09T09:14:02","modified_gmt":"2023-11-09T09:14:02","slug":"homepage","status":"publish","type":"page","link":"https:\/\/blend.imm.medicina.ulisboa.pt\/","title":{"rendered":"Homepage"},"content":{"rendered":"\n<h2 class=\"has-text-align-center has-text-color\" style=\"color:#6a6767;font-size:40px\">Arte contempor\u00e2nea em di\u00e1logo com medicina e ci\u00eancia<\/h2>\n\n\n<!-- Preview block -->\n<img loading=\"lazy\" width=\"100%\" height=\"100%\" src=\"\"\/>\n\n<div class=\"block-teasers container block-my  md:grid grid-cols-2 gap-6\" data->\n\n      <a href=\"https:\/\/blend.imm.medicina.ulisboa.pt\/a-divina-psique-sally-santiago\/\" target=\"\">\n      <div class=\"teaser-left\">\n        <img src=\"https:\/\/blend.imm.medicina.ulisboa.pt\/wp-content\/uploads\/sites\/30\/2023\/11\/Sally-c-1024x683.jpg\" alt=\"\">\n        <div class=\"text-box\">\n          <h3 class=\"title\">A Divina Psique<\/h3>\n\n            <p class=\"subtitle\">Sally Santiago<span class=\"arrow ml-5\"> <\/span><\/p>\n\n        <\/div>\n      <\/div>\n    <\/a>\n  \n      <a href=\"https:\/\/blend.imm.medicina.ulisboa.pt\/memory-catcher-jelena-maticic\/\" target=\"\">\n      <div class=\"teaser-right mt-8 sm:mt-0\">\n        <img src=\"https:\/\/blend.imm.medicina.ulisboa.pt\/wp-content\/uploads\/sites\/30\/2023\/11\/Jelena-a-1024x643.jpg\" alt=\"\">\n        <div class=\"text-box\">\n          <h3 class=\"title\">Memory Catcher<\/h3>\n\n            <p class=\"subtitle\">Jelena Mati\u010di\u0107<span class=\"arrow ml-5\"> <\/span><\/p>\n\n        <\/div>\n      <\/div>\n    <\/a>\n  <\/div>\n\n<style type=\"text\/css\">\n  [data-] {\n    background: ;\n    color: ;\n  }\n<\/style>\n\n\n<!-- Preview block -->\n<img loading=\"lazy\" width=\"100%\" height=\"100%\" src=\"\"\/>\n\n<div class=\"block-teasers container block-my  md:grid grid-cols-2 gap-6\" data->\n\n      <a href=\"https:\/\/blend.imm.medicina.ulisboa.pt\/genemusik-nigel-helyer\/\" target=\"\">\n      <div class=\"teaser-left\">\n        <img src=\"https:\/\/blend.imm.medicina.ulisboa.pt\/wp-content\/uploads\/sites\/30\/2023\/06\/Nigel-LASER-II.png\" alt=\"\">\n        <div class=\"text-box\">\n          <h3 class=\"title\">GeneMusiK<\/h3>\n\n            <p class=\"subtitle\">Nigel Helyer<span class=\"arrow ml-5\"> <\/span><\/p>\n\n        <\/div>\n      <\/div>\n    <\/a>\n  \n      <a href=\"https:\/\/blend.imm.medicina.ulisboa.pt\/na-pele-diana-mordido-aires\/\" target=\"\">\n      <div class=\"teaser-right mt-8 sm:mt-0\">\n        <img src=\"https:\/\/blend.imm.medicina.ulisboa.pt\/wp-content\/uploads\/sites\/30\/2023\/06\/Na-pele-1.png\" alt=\"\">\n        <div class=\"text-box\">\n          <h3 class=\"title\">Na pele<\/h3>\n\n            <p class=\"subtitle\">Diana Mordido Aires<span class=\"arrow ml-5\"> <\/span><\/p>\n\n        <\/div>\n      <\/div>\n    <\/a>\n  <\/div>\n\n<style type=\"text\/css\">\n  [data-] {\n    background: ;\n    color: ;\n  }\n<\/style>\n\n\n<!-- Preview block -->\n<img loading=\"lazy\" width=\"100%\" height=\"100%\" src=\"\"\/>\n\n<div class=\"block-teasers container block-my  md:grid grid-cols-2 gap-6\" data->\n\n      <a href=\"https:\/\/blend.imm.medicina.ulisboa.pt\/no-no-sol-monica-garcia\/\" target=\"\">\n      <div class=\"teaser-left\">\n        <img src=\"https:\/\/blend.imm.medicina.ulisboa.pt\/wp-content\/uploads\/sites\/30\/2023\/05\/PVL00832-1024x576.jpg\" alt=\"\">\n        <div class=\"text-box\">\n          <h3 class=\"title\">N\u00f3 no Sol<\/h3>\n\n            <p class=\"subtitle\">M\u00f3nica Garcia<span class=\"arrow ml-5\"> <\/span><\/p>\n\n        <\/div>\n      <\/div>\n    <\/a>\n  \n  <\/div>\n\n<style type=\"text\/css\">\n  [data-] {\n    background: ;\n    color: ;\n  }\n<\/style>\n\n\n<!-- Preview block -->\n<img loading=\"lazy\" width=\"100%\" height=\"100%\" src=\"\"\/>\n\n<div class=\"block-teasers container block-my  md:grid grid-cols-2 gap-6\" data->\n\n      <a href=\"https:\/\/blend.imm.medicina.ulisboa.pt\/technium-of-care-sasa-spacal\/\" target=\"\">\n      <div class=\"teaser-left\">\n        <img src=\"https:\/\/blend.imm.medicina.ulisboa.pt\/wp-content\/uploads\/sites\/30\/2023\/03\/Technium-of-Care-Sas\u030ca-Spac\u030cal-0-1024x576.jpg\" alt=\"\">\n        <div class=\"text-box\">\n          <h3 class=\"title\">Technium of Care<\/h3>\n\n            <p class=\"subtitle\">Sa\u0161a Spa\u010dal<span class=\"arrow ml-5\"> <\/span><\/p>\n\n        <\/div>\n      <\/div>\n    <\/a>\n  \n      <a href=\"https:\/\/blend.imm.medicina.ulisboa.pt\/digital-twin-sergio-eliseu\/\" target=\"\">\n      <div class=\"teaser-right mt-8 sm:mt-0\">\n        <img src=\"https:\/\/blend.imm.medicina.ulisboa.pt\/wp-content\/uploads\/sites\/30\/2023\/02\/Foto-capa-da-pec\u0327a-1024x753.jpg\" alt=\"\">\n        <div class=\"text-box\">\n          <h3 class=\"title\">Digital Twin<\/h3>\n\n            <p class=\"subtitle\">S\u00e9rgio Eliseu<span class=\"arrow ml-5\"> <\/span><\/p>\n\n        <\/div>\n      <\/div>\n    <\/a>\n  <\/div>\n\n<style type=\"text\/css\">\n  [data-] {\n    background: ;\n    color: ;\n  }\n<\/style>\n\n\n<!-- Preview block -->\n<img loading=\"lazy\" width=\"100%\" height=\"100%\" src=\"\"\/>\n\n<div class=\"block-teasers container block-my  md:grid grid-cols-2 gap-6\" data->\n\n      <a href=\"https:\/\/blend.imm.medicina.ulisboa.pt\/shade-shadows-antonio-caramelo\/\" target=\"\">\n      <div class=\"teaser-left\">\n        <img src=\"https:\/\/blend.imm.medicina.ulisboa.pt\/wp-content\/uploads\/sites\/30\/2022\/10\/Antonio-Caramelo3-1024x576.png\" alt=\"\">\n        <div class=\"text-box\">\n          <h3 class=\"title\">Shade Shadows<\/h3>\n\n            <p class=\"subtitle\">Ant\u00f3nio Caramelo<span class=\"arrow ml-5\"> <\/span><\/p>\n\n        <\/div>\n      <\/div>\n    <\/a>\n  \n      <a href=\"https:\/\/blend.imm.medicina.ulisboa.pt\/copper-bodies-re-activating-the-archive-kira-oreilly\/\" target=\"\">\n      <div class=\"teaser-right mt-8 sm:mt-0\">\n        <img src=\"https:\/\/blend.imm.medicina.ulisboa.pt\/wp-content\/uploads\/sites\/30\/2022\/10\/Kira-OReilly1-1024x576.png\" alt=\"\">\n        <div class=\"text-box\">\n          <h3 class=\"title\">Copper Bodies: Re-activating the archive<\/h3>\n\n            <p class=\"subtitle\">Kira O\u2019Reilly<span class=\"arrow ml-5\"> <\/span><\/p>\n\n        <\/div>\n      <\/div>\n    <\/a>\n  <\/div>\n\n<style type=\"text\/css\">\n  [data-] {\n    background: ;\n    color: ;\n  }\n<\/style>\n\n\n<!-- Preview block -->\n<img loading=\"lazy\" width=\"100%\" height=\"100%\" src=\"\"\/>\n\n<div class=\"block-teasers container block-my  md:grid grid-cols-2 gap-6\" data->\n\n      <a href=\"https:\/\/blend.imm.medicina.ulisboa.pt\/natural-science-owl-night-light-jennifer-willet\/\" target=\"\">\n      <div class=\"teaser-left\">\n        <img src=\"https:\/\/blend.imm.medicina.ulisboa.pt\/wp-content\/uploads\/sites\/30\/2022\/09\/NATURAL-SCIENCE.png\" alt=\"\">\n        <div class=\"text-box\">\n          <h3 class=\"title\">NATURAL SCIENCE: Owl Night Light<\/h3>\n\n            <p class=\"subtitle\">Jennifer Willet<span class=\"arrow ml-5\"> <\/span><\/p>\n\n        <\/div>\n      <\/div>\n    <\/a>\n  \n  <\/div>\n\n<style type=\"text\/css\">\n  [data-] {\n    background: ;\n    color: ;\n  }\n<\/style>\n\n\n<!-- Preview block -->\n<img loading=\"lazy\" width=\"100%\" height=\"100%\" src=\"\"\/>\n\n<div class=\"block-teasers container block-my  md:grid grid-cols-2 gap-6\" data->\n\n      <a href=\"https:\/\/blend.imm.medicina.ulisboa.pt\/labor-paul-vanousse\/\" target=\"\">\n      <div class=\"teaser-left\">\n        <img src=\"https:\/\/blend.imm.medicina.ulisboa.pt\/wp-content\/uploads\/sites\/30\/2022\/06\/Blocos-Destaque-Colunas-Homepage_Paul-Vanouse-1024x576.png\" alt=\"\">\n        <div class=\"text-box\">\n          <h3 class=\"title\">Labor<\/h3>\n\n            <p class=\"subtitle\">Paul Vanouse<span class=\"arrow ml-5\"> <\/span><\/p>\n\n        <\/div>\n      <\/div>\n    <\/a>\n  \n      <a href=\"https:\/\/blend.imm.medicina.ulisboa.pt\/black-gold-marta-de-menezes-hege-tapio-mark-lipton\/\" target=\"\">\n      <div class=\"teaser-right mt-8 sm:mt-0\">\n        <img src=\"https:\/\/blend.imm.medicina.ulisboa.pt\/wp-content\/uploads\/sites\/30\/2022\/06\/Blocos-Destaque-Colunas-Homepage_Marta-de-Menezes-1024x576.png\" alt=\"\">\n        <div class=\"text-box\">\n          <h3 class=\"title\">Black Gold<\/h3>\n\n            <p class=\"subtitle\">Marta de Menezes, Hege Tapio &amp; Mark Lipton<span class=\"arrow ml-5\"> <\/span><\/p>\n\n        <\/div>\n      <\/div>\n    <\/a>\n  <\/div>\n\n<style type=\"text\/css\">\n  [data-] {\n    background: ;\n    color: ;\n  }\n<\/style>\n\n\n<!-- Preview block -->\n<img loading=\"lazy\" width=\"100%\" height=\"100%\" src=\"\"\/>\n\n<div class=\"block-teasers container block-my  md:grid grid-cols-2 gap-6\" data->\n\n      <a href=\"https:\/\/blend.imm.medicina.ulisboa.pt\/hybrid-bodies-stencil-water-collors-andrew-carnie\/\" target=\"\">\n      <div class=\"teaser-left\">\n        <img src=\"https:\/\/blend.imm.medicina.ulisboa.pt\/wp-content\/uploads\/sites\/30\/2022\/04\/Bloco-Destaque-Homepage_Andrew-Carnie-1024x576.png\" alt=\"\">\n        <div class=\"text-box\">\n          <h3 class=\"title\">Hybrid bodies: Stencil Water Collors<\/h3>\n\n            <p class=\"subtitle\">Andrew Carnie<span class=\"arrow ml-5\"> <\/span><\/p>\n\n        <\/div>\n      <\/div>\n    <\/a>\n  \n      <a href=\"https:\/\/blend.imm.medicina.ulisboa.pt\/anti-marta-marta-de-menezes\/\" target=\"\">\n      <div class=\"teaser-right mt-8 sm:mt-0\">\n        <img src=\"https:\/\/blend.imm.medicina.ulisboa.pt\/wp-content\/uploads\/sites\/30\/2022\/04\/Bloco-Destaque-Homepage_Marta-de-Menezes-1024x576.png\" alt=\"\">\n        <div class=\"text-box\">\n          <h3 class=\"title\">Anti-Marta<\/h3>\n\n            <p class=\"subtitle\">Marta de Menezes<span class=\"arrow ml-5\"> <\/span><\/p>\n\n        <\/div>\n      <\/div>\n    <\/a>\n  <\/div>\n\n<style type=\"text\/css\">\n  [data-] {\n    background: ;\n    color: ;\n  }\n<\/style>\n","protected":false},"excerpt":{"rendered":"<p>Arte contempor\u00e2nea em di\u00e1logo com medicina e ci\u00eancia<\/p>\n","protected":false},"author":13,"featured_media":0,"parent":0,"menu_order":0,"comment_status":"closed","ping_status":"closed","template":"views\/template-900.blade.php","meta":[],"yoast_head":"<!-- This site is optimized with the Yoast SEO plugin v17.4 - https:\/\/yoast.com\/wordpress\/plugins\/seo\/ -->\n<title>Homepage - Blend<\/title>\n<meta name=\"robots\" content=\"index, follow, max-snippet:-1, max-image-preview:large, max-video-preview:-1\" \/>\n<link rel=\"canonical\" href=\"https:\/\/blend.imm.medicina.ulisboa.pt\/\" \/>\n<meta property=\"og:locale\" content=\"pt_PT\" \/>\n<meta property=\"og:type\" content=\"article\" \/>\n<meta property=\"og:title\" content=\"Homepage - Blend\" \/>\n<meta property=\"og:description\" content=\"Arte contempor\u00e2nea em di\u00e1logo com medicina e ci\u00eancia\" \/>\n<meta property=\"og:url\" content=\"https:\/\/blend.imm.medicina.ulisboa.pt\/\" \/>\n<meta property=\"og:site_name\" content=\"Blend\" \/>\n<meta property=\"article:modified_time\" content=\"2023-11-09T09:14:02+00:00\" \/>\n<meta name=\"twitter:card\" content=\"summary_large_image\" \/>\n<meta name=\"twitter:label1\" content=\"Tempo estimado de leitura\" \/>\n\t<meta name=\"twitter:data1\" content=\"1 minuto\" \/>\n<script type=\"application\/ld+json\" class=\"yoast-schema-graph\">{\"@context\":\"https:\/\/schema.org\",\"@graph\":[{\"@type\":\"WebSite\",\"@id\":\"https:\/\/blend.imm.medicina.ulisboa.pt\/en\/#website\",\"url\":\"https:\/\/blend.imm.medicina.ulisboa.pt\/en\/\",\"name\":\"Blend\",\"description\":\"Arte contempor\\u00e2nea em di\\u00e1logo com medicina e ci\\u00eancia\",\"potentialAction\":[{\"@type\":\"SearchAction\",\"target\":{\"@type\":\"EntryPoint\",\"urlTemplate\":\"https:\/\/blend.imm.medicina.ulisboa.pt\/en\/?s={search_term_string}\"},\"query-input\":\"required name=search_term_string\"}],\"inLanguage\":\"pt-PT\"},{\"@type\":\"WebPage\",\"@id\":\"https:\/\/blend.imm.medicina.ulisboa.pt\/#webpage\",\"url\":\"https:\/\/blend.imm.medicina.ulisboa.pt\/\",\"name\":\"Homepage - Blend\",\"isPartOf\":{\"@id\":\"https:\/\/blend.imm.medicina.ulisboa.pt\/en\/#website\"},\"datePublished\":\"2022-04-11T15:09:25+00:00\",\"dateModified\":\"2023-11-09T09:14:02+00:00\",\"breadcrumb\":{\"@id\":\"https:\/\/blend.imm.medicina.ulisboa.pt\/#breadcrumb\"},\"inLanguage\":\"pt-PT\",\"potentialAction\":[{\"@type\":\"ReadAction\",\"target\":[\"https:\/\/blend.imm.medicina.ulisboa.pt\/\"]}]},{\"@type\":\"BreadcrumbList\",\"@id\":\"https:\/\/blend.imm.medicina.ulisboa.pt\/#breadcrumb\",\"itemListElement\":[{\"@type\":\"ListItem\",\"position\":1,\"name\":\"Home\",\"item\":\"https:\/\/blend.imm.medicina.ulisboa.pt\/\"},{\"@type\":\"ListItem\",\"position\":2,\"name\":\"Homepage\"}]}]}<\/script>\n<!-- \/ Yoast SEO plugin. -->","yoast_head_json":{"title":"Homepage - Blend","robots":{"index":"index","follow":"follow","max-snippet":"max-snippet:-1","max-image-preview":"max-image-preview:large","max-video-preview":"max-video-preview:-1"},"canonical":"https:\/\/blend.imm.medicina.ulisboa.pt\/","og_locale":"pt_PT","og_type":"article","og_title":"Homepage - Blend","og_description":"Arte contempor\u00e2nea em di\u00e1logo com medicina e ci\u00eancia","og_url":"https:\/\/blend.imm.medicina.ulisboa.pt\/","og_site_name":"Blend","article_modified_time":"2023-11-09T09:14:02+00:00","twitter_card":"summary_large_image","twitter_misc":{"Tempo estimado de leitura":"1 minuto"},"schema":{"@context":"https:\/\/schema.org","@graph":[{"@type":"WebSite","@id":"https:\/\/blend.imm.medicina.ulisboa.pt\/en\/#website","url":"https:\/\/blend.imm.medicina.ulisboa.pt\/en\/","name":"Blend","description":"Arte contempor\u00e2nea em di\u00e1logo com medicina e ci\u00eancia","potentialAction":[{"@type":"SearchAction","target":{"@type":"EntryPoint","urlTemplate":"https:\/\/blend.imm.medicina.ulisboa.pt\/en\/?s={search_term_string}"},"query-input":"required name=search_term_string"}],"inLanguage":"pt-PT"},{"@type":"WebPage","@id":"https:\/\/blend.imm.medicina.ulisboa.pt\/#webpage","url":"https:\/\/blend.imm.medicina.ulisboa.pt\/","name":"Homepage - Blend","isPartOf":{"@id":"https:\/\/blend.imm.medicina.ulisboa.pt\/en\/#website"},"datePublished":"2022-04-11T15:09:25+00:00","dateModified":"2023-11-09T09:14:02+00:00","breadcrumb":{"@id":"https:\/\/blend.imm.medicina.ulisboa.pt\/#breadcrumb"},"inLanguage":"pt-PT","potentialAction":[{"@type":"ReadAction","target":["https:\/\/blend.imm.medicina.ulisboa.pt\/"]}]},{"@type":"BreadcrumbList","@id":"https:\/\/blend.imm.medicina.ulisboa.pt\/#breadcrumb","itemListElement":[{"@type":"ListItem","position":1,"name":"Home","item":"https:\/\/blend.imm.medicina.ulisboa.pt\/"},{"@type":"ListItem","position":2,"name":"Homepage"}]}]}},"_links":{"self":[{"href":"https:\/\/blend.imm.medicina.ulisboa.pt\/en\/wp-json\/wp\/v2\/pages\/2"}],"collection":[{"href":"https:\/\/blend.imm.medicina.ulisboa.pt\/en\/wp-json\/wp\/v2\/pages"}],"about":[{"href":"https:\/\/blend.imm.medicina.ulisboa.pt\/en\/wp-json\/wp\/v2\/types\/page"}],"author":[{"embeddable":true,"href":"https:\/\/blend.imm.medicina.ulisboa.pt\/en\/wp-json\/wp\/v2\/users\/13"}],"replies":[{"embeddable":true,"href":"https:\/\/blend.imm.medicina.ulisboa.pt\/en\/wp-json\/wp\/v2\/comments?post=2"}],"version-history":[{"count":54,"href":"https:\/\/blend.imm.medicina.ulisboa.pt\/en\/wp-json\/wp\/v2\/pages\/2\/revisions"}],"predecessor-version":[{"id":399,"href":"https:\/\/blend.imm.medicina.ulisboa.pt\/en\/wp-json\/wp\/v2\/pages\/2\/revisions\/399"}],"wp:attachment":[{"href":"https:\/\/blend.imm.medicina.ulisboa.pt\/en\/wp-json\/wp\/v2\/media?parent=2"}],"curies":[{"name":"wp","href":"https:\/\/api.w.org\/{rel}","templated":true}]}}