{"id":223,"date":"2022-10-31T15:46:12","date_gmt":"2022-10-31T15:46:12","guid":{"rendered":"https:\/\/blend.imm.medicina.ulisboa.pt\/?page_id=223"},"modified":"2022-10-31T15:46:12","modified_gmt":"2022-10-31T15:46:12","slug":"copper-bodies-re-activating-the-archive-kira-oreilly","status":"publish","type":"page","link":"https:\/\/blend.imm.medicina.ulisboa.pt\/copper-bodies-re-activating-the-archive-kira-oreilly\/","title":{"rendered":"Copper Bodies: Re-activating the archive | Kira O\u2019Reilly"},"content":{"rendered":"\n<p class=\"has-text-align-right has-text-color\" style=\"color:#504e4e;font-size:40px\"><strong>Copper Bodies: Re-activating the archive<\/strong><\/p>\n\n\n\n<p class=\"has-text-align-right has-text-color\" style=\"color:#858484;font-size:30px\">Kira O\u2019Reilly<\/p>\n\n\n\n<figure class=\"wp-block-image size-large\"><img loading=\"lazy\" width=\"1024\" height=\"576\" src=\"http:\/\/blend.imm.medicina.ulisboa.pt\/wp-content\/uploads\/sites\/30\/2022\/10\/Kira-OReilly1-1024x576.png\" alt=\"\" class=\"wp-image-212\" srcset=\"https:\/\/blend.imm.medicina.ulisboa.pt\/wp-content\/uploads\/sites\/30\/2022\/10\/Kira-OReilly1-1024x576.png 1024w, https:\/\/blend.imm.medicina.ulisboa.pt\/wp-content\/uploads\/sites\/30\/2022\/10\/Kira-OReilly1-300x169.png 300w, https:\/\/blend.imm.medicina.ulisboa.pt\/wp-content\/uploads\/sites\/30\/2022\/10\/Kira-OReilly1-768x432.png 768w, https:\/\/blend.imm.medicina.ulisboa.pt\/wp-content\/uploads\/sites\/30\/2022\/10\/Kira-OReilly1-1536x864.png 1536w, https:\/\/blend.imm.medicina.ulisboa.pt\/wp-content\/uploads\/sites\/30\/2022\/10\/Kira-OReilly1.png 1920w\" sizes=\"(max-width: 1024px) 100vw, 1024px\" \/><\/figure>\n\n\n\n<p><strong>PT\/\/<\/strong><\/p>\n\n\n\n<p>Durante a sua resid\u00eancia no \u00e2mbito do projeto Biofriction, Kira O&#8217;Reilly tinha como foco as Baterias da Menopausa e a ideia de sistemas circulares, por\u00e9m alguns dos elementos da instala\u00e7\u00e3o &#8220;Copper Bodies&#8221; (Corpos de Cobre) foram reciclados e reutilizados. Essa instala\u00e7\u00e3o foi feita in situ, no e com o contexto da exposi\u00e7\u00e3o Just40, em 2015, ao reunir elementos de cobre e ao criar sal de cobre (sal e vinagre num recipiente de cobre), como tamb\u00e9m alguma urina (com a sua satura\u00e7\u00e3o de hormonas conservadoras) que foi utilizada para criar uma patina sobre alguns dos fios finos de cobre. Nem todos os materiais foram encontrados.<\/p>\n\n\n\n<p>A maioria do sal de cobre foi reutilizado em batas de laborat\u00f3rio vermelhas e em &#8220;desenhos&#8221; de sal de cobre, em papel de aguarela. Os desenhos de sal de cobre parecem inacabados, e talvez possam vir a ser trabalhados novamente Contudo, o meio desta obra n\u00e3o \u00e9 o papel, a tela, o cobre ou o sal; \u00e9 um corpo: o corpo da artista.<\/p>\n\n\n\n<p><strong>ENG\/\/<\/strong><\/p>\n\n\n\n<p>During Biofriction residency, the focus of which was Menopausal Batteries and ideas of circuitry, elements of the &#8220;Copper Bodies&#8221; installation were recycled and re-used. The piece was made in situ, in and with the exhibition context of Just40, 2015 gathering the copper elements and creating copper salt (salt and vinegar in a copper container), also some urine (with its saturation of the curators hormones) was used to create a patina on some of the fine copper wire. Not all of the materials were found. The majority of the copper salt was reused on red paper laboratory coats and on copper salt drawings&#8217; on watercolor paper. The copper salt drawings feel unfinished, and perhaps can be worked on again in the fullness of time. Yet, the medium here isn&#8217;t paper, canvas, copper or salt; it is a body: the artist&#8217;s body.<\/p>\n\n\n\n<hr class=\"wp-block-separator\"\/>\n\n\n\n<p class=\"has-text-color\" style=\"color:#858484;font-size:30px\"><strong>BIO<\/strong><\/p>\n\n\n\n<p><strong>PT\/\/<\/strong><\/p>\n\n\n\n<p>Kira O&#8217;Reilly \u00e9 uma artista que vive em Hels\u00ednquia; a sua obra \u00e9 intencionalmente interdisciplinar e indisciplinada, prov\u00e9m de um background de artes visuais; parte da performance, biot\u00e9cnica e escrita para integrar reconfigura\u00e7\u00f5es especulativas em redor do Corpo. Desde a sua licenciatura na University of Wales Institute Cardiff, em 1998, o seu trabalho tem sido exposto no Reino Unido, Europa, Austr\u00e1lia, China e M\u00e9xico. Tamb\u00e9m o tem apresentado em confer\u00eancias e simp\u00f3sios. Ela escreve, ensina, orienta e colabora com humanos de v\u00e1rios tipos e tecnologias e n\u00e3o humanos de numerosas diverg\u00eancias incluindo musgos, aranhas, o sol, porcos, culturas celulares, cavalos, microrganismos, bicicletas, rios, paisagens, tundras, rochas, \u00e1rvores, sapatos, comida, livros, ar, lua e corvos.<\/p>\n\n\n\n<p><strong>ENG\/\/<\/strong><\/p>\n\n\n\n<p>Kira O&#8217;Reilly is a Helsinki based artist; her practice, both wilfully interdisciplinary and entirely undisciplined, stems from a visual art background; it employs performance, biotechnical practices and writing with which to consider speculative reconfigurations around The Body. Since graduating from the University of Wales Institute Cardiff in 1998 her work has been exhibited widely throughout the UK, Europe, Australia, China and Mexico. She has presented at conferences and symposia. She writes, teaches, mentors and collaborates with humans of various types and technologies and non-humans of numerous divergences including mosses, spiders, the sun, pigs, cell cultures, horses, micro-organisms, bicycles, rivers, landscapes, tundras, rocks, trees, shoes, food, books, air, moon and ravens.<\/p>\n","protected":false},"excerpt":{"rendered":"<p>Copper Bodies: Re-activating the archive Kira O\u2019Reilly PT\/\/ Durante a sua resid\u00eancia no \u00e2mbito do projeto Biofriction, Kira O&#8217;Reilly tinha como foco as Baterias da Menopausa e a ideia de sistemas circulares, por\u00e9m alguns dos elementos da instala\u00e7\u00e3o &#8220;Copper Bodies&#8221; (Corpos de Cobre) foram reciclados e reutilizados. Essa instala\u00e7\u00e3o foi feita in situ, no e &hellip; <a href=\"https:\/\/blend.imm.medicina.ulisboa.pt\/copper-bodies-re-activating-the-archive-kira-oreilly\/\">Continued<\/a><\/p>\n","protected":false},"author":13,"featured_media":0,"parent":0,"menu_order":0,"comment_status":"closed","ping_status":"closed","template":"views\/template-900.blade.php","meta":[],"yoast_head":"<!-- This site is optimized with the Yoast SEO plugin v17.4 - https:\/\/yoast.com\/wordpress\/plugins\/seo\/ -->\n<title>Copper Bodies: Re-activating the archive | Kira O\u2019Reilly - Blend<\/title>\n<meta name=\"robots\" content=\"index, follow, max-snippet:-1, max-image-preview:large, max-video-preview:-1\" \/>\n<link rel=\"canonical\" href=\"https:\/\/blend.imm.medicina.ulisboa.pt\/copper-bodies-re-activating-the-archive-kira-oreilly\/\" \/>\n<meta property=\"og:locale\" content=\"pt_PT\" \/>\n<meta property=\"og:type\" content=\"article\" \/>\n<meta property=\"og:title\" content=\"Copper Bodies: Re-activating the archive | Kira O\u2019Reilly - Blend\" \/>\n<meta property=\"og:description\" content=\"Copper Bodies: Re-activating the archive Kira O\u2019Reilly PT\/\/ Durante a sua resid\u00eancia no \u00e2mbito do projeto Biofriction, Kira O&#8217;Reilly tinha como foco as Baterias da Menopausa e a ideia de sistemas circulares, por\u00e9m alguns dos elementos da instala\u00e7\u00e3o &#8220;Copper Bodies&#8221; (Corpos de Cobre) foram reciclados e reutilizados. Essa instala\u00e7\u00e3o foi feita in situ, no e &hellip; Continued\" \/>\n<meta property=\"og:url\" content=\"https:\/\/blend.imm.medicina.ulisboa.pt\/copper-bodies-re-activating-the-archive-kira-oreilly\/\" \/>\n<meta property=\"og:site_name\" content=\"Blend\" \/>\n<meta property=\"og:image\" content=\"http:\/\/blend.imm.medicina.ulisboa.pt\/wp-content\/uploads\/sites\/30\/2022\/10\/Kira-OReilly1-1024x576.png\" \/>\n<meta name=\"twitter:card\" content=\"summary_large_image\" \/>\n<meta name=\"twitter:label1\" content=\"Tempo estimado de leitura\" \/>\n\t<meta name=\"twitter:data1\" content=\"3 minutos\" \/>\n<script type=\"application\/ld+json\" class=\"yoast-schema-graph\">{\"@context\":\"https:\/\/schema.org\",\"@graph\":[{\"@type\":\"WebSite\",\"@id\":\"https:\/\/blend.imm.medicina.ulisboa.pt\/en\/#website\",\"url\":\"https:\/\/blend.imm.medicina.ulisboa.pt\/en\/\",\"name\":\"Blend\",\"description\":\"Arte contempor\\u00e2nea em di\\u00e1logo com medicina e ci\\u00eancia\",\"potentialAction\":[{\"@type\":\"SearchAction\",\"target\":{\"@type\":\"EntryPoint\",\"urlTemplate\":\"https:\/\/blend.imm.medicina.ulisboa.pt\/en\/?s={search_term_string}\"},\"query-input\":\"required name=search_term_string\"}],\"inLanguage\":\"pt-PT\"},{\"@type\":\"ImageObject\",\"@id\":\"https:\/\/blend.imm.medicina.ulisboa.pt\/copper-bodies-re-activating-the-archive-kira-oreilly\/#primaryimage\",\"inLanguage\":\"pt-PT\",\"url\":\"http:\/\/blend.imm.medicina.ulisboa.pt\/wp-content\/uploads\/sites\/30\/2022\/10\/Kira-OReilly1-1024x576.png\",\"contentUrl\":\"http:\/\/blend.imm.medicina.ulisboa.pt\/wp-content\/uploads\/sites\/30\/2022\/10\/Kira-OReilly1-1024x576.png\"},{\"@type\":\"WebPage\",\"@id\":\"https:\/\/blend.imm.medicina.ulisboa.pt\/copper-bodies-re-activating-the-archive-kira-oreilly\/#webpage\",\"url\":\"https:\/\/blend.imm.medicina.ulisboa.pt\/copper-bodies-re-activating-the-archive-kira-oreilly\/\",\"name\":\"Copper Bodies: Re-activating the archive | Kira O\\u2019Reilly - Blend\",\"isPartOf\":{\"@id\":\"https:\/\/blend.imm.medicina.ulisboa.pt\/en\/#website\"},\"primaryImageOfPage\":{\"@id\":\"https:\/\/blend.imm.medicina.ulisboa.pt\/copper-bodies-re-activating-the-archive-kira-oreilly\/#primaryimage\"},\"datePublished\":\"2022-10-31T15:46:12+00:00\",\"dateModified\":\"2022-10-31T15:46:12+00:00\",\"breadcrumb\":{\"@id\":\"https:\/\/blend.imm.medicina.ulisboa.pt\/copper-bodies-re-activating-the-archive-kira-oreilly\/#breadcrumb\"},\"inLanguage\":\"pt-PT\",\"potentialAction\":[{\"@type\":\"ReadAction\",\"target\":[\"https:\/\/blend.imm.medicina.ulisboa.pt\/copper-bodies-re-activating-the-archive-kira-oreilly\/\"]}]},{\"@type\":\"BreadcrumbList\",\"@id\":\"https:\/\/blend.imm.medicina.ulisboa.pt\/copper-bodies-re-activating-the-archive-kira-oreilly\/#breadcrumb\",\"itemListElement\":[{\"@type\":\"ListItem\",\"position\":1,\"name\":\"Home\",\"item\":\"https:\/\/blend.imm.medicina.ulisboa.pt\/\"},{\"@type\":\"ListItem\",\"position\":2,\"name\":\"Copper Bodies: Re-activating the archive | Kira O\\u2019Reilly\"}]}]}<\/script>\n<!-- \/ Yoast SEO plugin. -->","yoast_head_json":{"title":"Copper Bodies: Re-activating the archive | Kira O\u2019Reilly - Blend","robots":{"index":"index","follow":"follow","max-snippet":"max-snippet:-1","max-image-preview":"max-image-preview:large","max-video-preview":"max-video-preview:-1"},"canonical":"https:\/\/blend.imm.medicina.ulisboa.pt\/copper-bodies-re-activating-the-archive-kira-oreilly\/","og_locale":"pt_PT","og_type":"article","og_title":"Copper Bodies: Re-activating the archive | Kira O\u2019Reilly - Blend","og_description":"Copper Bodies: Re-activating the archive Kira O\u2019Reilly PT\/\/ Durante a sua resid\u00eancia no \u00e2mbito do projeto Biofriction, Kira O&#8217;Reilly tinha como foco as Baterias da Menopausa e a ideia de sistemas circulares, por\u00e9m alguns dos elementos da instala\u00e7\u00e3o &#8220;Copper Bodies&#8221; (Corpos de Cobre) foram reciclados e reutilizados. Essa instala\u00e7\u00e3o foi feita in situ, no e &hellip; Continued","og_url":"https:\/\/blend.imm.medicina.ulisboa.pt\/copper-bodies-re-activating-the-archive-kira-oreilly\/","og_site_name":"Blend","og_image":[{"url":"http:\/\/blend.imm.medicina.ulisboa.pt\/wp-content\/uploads\/sites\/30\/2022\/10\/Kira-OReilly1-1024x576.png"}],"twitter_card":"summary_large_image","twitter_misc":{"Tempo estimado de leitura":"3 minutos"},"schema":{"@context":"https:\/\/schema.org","@graph":[{"@type":"WebSite","@id":"https:\/\/blend.imm.medicina.ulisboa.pt\/en\/#website","url":"https:\/\/blend.imm.medicina.ulisboa.pt\/en\/","name":"Blend","description":"Arte contempor\u00e2nea em di\u00e1logo com medicina e ci\u00eancia","potentialAction":[{"@type":"SearchAction","target":{"@type":"EntryPoint","urlTemplate":"https:\/\/blend.imm.medicina.ulisboa.pt\/en\/?s={search_term_string}"},"query-input":"required name=search_term_string"}],"inLanguage":"pt-PT"},{"@type":"ImageObject","@id":"https:\/\/blend.imm.medicina.ulisboa.pt\/copper-bodies-re-activating-the-archive-kira-oreilly\/#primaryimage","inLanguage":"pt-PT","url":"http:\/\/blend.imm.medicina.ulisboa.pt\/wp-content\/uploads\/sites\/30\/2022\/10\/Kira-OReilly1-1024x576.png","contentUrl":"http:\/\/blend.imm.medicina.ulisboa.pt\/wp-content\/uploads\/sites\/30\/2022\/10\/Kira-OReilly1-1024x576.png"},{"@type":"WebPage","@id":"https:\/\/blend.imm.medicina.ulisboa.pt\/copper-bodies-re-activating-the-archive-kira-oreilly\/#webpage","url":"https:\/\/blend.imm.medicina.ulisboa.pt\/copper-bodies-re-activating-the-archive-kira-oreilly\/","name":"Copper Bodies: Re-activating the archive | Kira O\u2019Reilly - Blend","isPartOf":{"@id":"https:\/\/blend.imm.medicina.ulisboa.pt\/en\/#website"},"primaryImageOfPage":{"@id":"https:\/\/blend.imm.medicina.ulisboa.pt\/copper-bodies-re-activating-the-archive-kira-oreilly\/#primaryimage"},"datePublished":"2022-10-31T15:46:12+00:00","dateModified":"2022-10-31T15:46:12+00:00","breadcrumb":{"@id":"https:\/\/blend.imm.medicina.ulisboa.pt\/copper-bodies-re-activating-the-archive-kira-oreilly\/#breadcrumb"},"inLanguage":"pt-PT","potentialAction":[{"@type":"ReadAction","target":["https:\/\/blend.imm.medicina.ulisboa.pt\/copper-bodies-re-activating-the-archive-kira-oreilly\/"]}]},{"@type":"BreadcrumbList","@id":"https:\/\/blend.imm.medicina.ulisboa.pt\/copper-bodies-re-activating-the-archive-kira-oreilly\/#breadcrumb","itemListElement":[{"@type":"ListItem","position":1,"name":"Home","item":"https:\/\/blend.imm.medicina.ulisboa.pt\/"},{"@type":"ListItem","position":2,"name":"Copper Bodies: Re-activating the archive | Kira O\u2019Reilly"}]}]}},"_links":{"self":[{"href":"https:\/\/blend.imm.medicina.ulisboa.pt\/en\/wp-json\/wp\/v2\/pages\/223"}],"collection":[{"href":"https:\/\/blend.imm.medicina.ulisboa.pt\/en\/wp-json\/wp\/v2\/pages"}],"about":[{"href":"https:\/\/blend.imm.medicina.ulisboa.pt\/en\/wp-json\/wp\/v2\/types\/page"}],"author":[{"embeddable":true,"href":"https:\/\/blend.imm.medicina.ulisboa.pt\/en\/wp-json\/wp\/v2\/users\/13"}],"replies":[{"embeddable":true,"href":"https:\/\/blend.imm.medicina.ulisboa.pt\/en\/wp-json\/wp\/v2\/comments?post=223"}],"version-history":[{"count":1,"href":"https:\/\/blend.imm.medicina.ulisboa.pt\/en\/wp-json\/wp\/v2\/pages\/223\/revisions"}],"predecessor-version":[{"id":231,"href":"https:\/\/blend.imm.medicina.ulisboa.pt\/en\/wp-json\/wp\/v2\/pages\/223\/revisions\/231"}],"wp:attachment":[{"href":"https:\/\/blend.imm.medicina.ulisboa.pt\/en\/wp-json\/wp\/v2\/media?parent=223"}],"curies":[{"name":"wp","href":"https:\/\/api.w.org\/{rel}","templated":true}]}}