{"id":264,"date":"2023-01-18T10:44:58","date_gmt":"2023-01-18T10:44:58","guid":{"rendered":"https:\/\/blend.imm.medicina.ulisboa.pt\/?page_id=264"},"modified":"2023-02-02T15:19:37","modified_gmt":"2023-02-02T15:19:37","slug":"digital-twin-sergio-eliseu","status":"publish","type":"page","link":"https:\/\/blend.imm.medicina.ulisboa.pt\/digital-twin-sergio-eliseu\/","title":{"rendered":"Digital Twin | S\u00e9rgio Eliseu"},"content":{"rendered":"\n<p class=\"has-text-align-right has-text-color\" style=\"color:#504e4e;font-size:40px\"><strong>Digital Twin<\/strong><\/p>\n\n\n\n<p class=\"has-text-align-right has-text-color\" style=\"color:#858484;font-size:30px\">S\u00e9rgio Eliseu<\/p>\n\n\n\n<div class=\"wp-block-columns\">\n<div class=\"wp-block-column\">\n<figure class=\"wp-block-image size-large\"><img loading=\"lazy\" width=\"1024\" height=\"753\" src=\"http:\/\/blend.imm.medicina.ulisboa.pt\/wp-content\/uploads\/sites\/30\/2023\/02\/Foto-capa-da-pec\u0327a-1024x753.jpg\" alt=\"\" class=\"wp-image-285\" srcset=\"https:\/\/blend.imm.medicina.ulisboa.pt\/wp-content\/uploads\/sites\/30\/2023\/02\/Foto-capa-da-pec\u0327a-1024x753.jpg 1024w, https:\/\/blend.imm.medicina.ulisboa.pt\/wp-content\/uploads\/sites\/30\/2023\/02\/Foto-capa-da-pec\u0327a-300x221.jpg 300w, https:\/\/blend.imm.medicina.ulisboa.pt\/wp-content\/uploads\/sites\/30\/2023\/02\/Foto-capa-da-pec\u0327a-768x565.jpg 768w, https:\/\/blend.imm.medicina.ulisboa.pt\/wp-content\/uploads\/sites\/30\/2023\/02\/Foto-capa-da-pec\u0327a-1536x1129.jpg 1536w, https:\/\/blend.imm.medicina.ulisboa.pt\/wp-content\/uploads\/sites\/30\/2023\/02\/Foto-capa-da-pec\u0327a-2048x1506.jpg 2048w\" sizes=\"(max-width: 1024px) 100vw, 1024px\" \/><\/figure>\n<\/div>\n\n\n\n<div class=\"wp-block-column\">\n<figure class=\"wp-block-image size-large\"><img loading=\"lazy\" width=\"1024\" height=\"755\" src=\"http:\/\/blend.imm.medicina.ulisboa.pt\/wp-content\/uploads\/sites\/30\/2023\/02\/Sergio-Eliseu-1-1024x755.jpg\" alt=\"\" class=\"wp-image-289\" srcset=\"https:\/\/blend.imm.medicina.ulisboa.pt\/wp-content\/uploads\/sites\/30\/2023\/02\/Sergio-Eliseu-1-1024x755.jpg 1024w, https:\/\/blend.imm.medicina.ulisboa.pt\/wp-content\/uploads\/sites\/30\/2023\/02\/Sergio-Eliseu-1-300x221.jpg 300w, https:\/\/blend.imm.medicina.ulisboa.pt\/wp-content\/uploads\/sites\/30\/2023\/02\/Sergio-Eliseu-1-768x566.jpg 768w, https:\/\/blend.imm.medicina.ulisboa.pt\/wp-content\/uploads\/sites\/30\/2023\/02\/Sergio-Eliseu-1-1536x1132.jpg 1536w, https:\/\/blend.imm.medicina.ulisboa.pt\/wp-content\/uploads\/sites\/30\/2023\/02\/Sergio-Eliseu-1-2048x1509.jpg 2048w\" sizes=\"(max-width: 1024px) 100vw, 1024px\" \/><\/figure>\n<\/div>\n<\/div>\n\n\n\n<figure class=\"wp-block-image size-large\"><img loading=\"lazy\" width=\"1024\" height=\"768\" src=\"http:\/\/blend.imm.medicina.ulisboa.pt\/wp-content\/uploads\/sites\/30\/2023\/02\/Sergio-Eliseu-2-1024x768.jpg\" alt=\"\" class=\"wp-image-290\" srcset=\"https:\/\/blend.imm.medicina.ulisboa.pt\/wp-content\/uploads\/sites\/30\/2023\/02\/Sergio-Eliseu-2-1024x768.jpg 1024w, https:\/\/blend.imm.medicina.ulisboa.pt\/wp-content\/uploads\/sites\/30\/2023\/02\/Sergio-Eliseu-2-300x225.jpg 300w, https:\/\/blend.imm.medicina.ulisboa.pt\/wp-content\/uploads\/sites\/30\/2023\/02\/Sergio-Eliseu-2-768x576.jpg 768w, https:\/\/blend.imm.medicina.ulisboa.pt\/wp-content\/uploads\/sites\/30\/2023\/02\/Sergio-Eliseu-2-1536x1152.jpg 1536w, https:\/\/blend.imm.medicina.ulisboa.pt\/wp-content\/uploads\/sites\/30\/2023\/02\/Sergio-Eliseu-2-2048x1536.jpg 2048w\" sizes=\"(max-width: 1024px) 100vw, 1024px\" \/><\/figure>\n\n\n<p><iframe loading=\"lazy\" title=\"Digital Twin | S\u00e9rgio Eliseu\" width=\"500\" height=\"281\" src=\"https:\/\/www.youtube.com\/embed\/9B-6tR2yQss?feature=oembed\" frameborder=\"0\" allow=\"accelerometer; autoplay; clipboard-write; encrypted-media; gyroscope; picture-in-picture; web-share\" allowfullscreen><\/iframe><\/p>\n\n\n\n<p><strong>PT\/\/<\/strong><\/p>\n\n\n\n<p>Digital Twin combina a presen\u00e7a de proje\u00e7\u00f5es interativas de part\u00edculas tridimensionais deslocadas em tempo real &#8211; uma entidade de vis\u00e3o computorizada AI &#8211; misturadas com artefatos do mundo real (cr\u00e2nio dourado e um ventilador). A pe\u00e7a refere-se e posiciona-se num plano luminoso, construindo uma narrativa bidirecional n\u00e3o linear como produto da rela\u00e7\u00e3o entre a audi\u00eancia e a entidade interativa &#8211; uma Intelig\u00eancia Artificial (IA) digital volum\u00e9trica e metaf\u00f3rica futurista inspirada na evolu\u00e7\u00e3o do atual conceito de Digital Twin. Como Kamel Boulos e Zhang (2021:1) explicam<sup>1<\/sup>:<\/p>\n\n\n\n<p>&#8220;Conceptualmente, um Digital Twin \u00e9 uma r\u00e9plica ou representa\u00e7\u00e3o digital de um objeto f\u00edsico, processo ou servi\u00e7o, mas tamb\u00e9m muito mais do que isso. \u00c9 um modelo virtual (dados mais algoritmos) com caracter\u00edsticas especiais n\u00e3o encontradas nos modelos e simula\u00e7\u00f5es tradicionais, um que emparelha dinamicamente os mundos f\u00edsico e digital, e alavanca tecnologias modernas, tais como tecnologia de sensores inteligentes, an\u00e1lise de dados, e IA, a fim de detectar e prevenir falhas do sistema, melhorar o desempenho do sistema, e explorar oportunidades inovadoras. O objetivo final dos Digital Twins, pelo menos em termos de fabrico, \u00e9 modelar, testar e optimizar iterativamente um objeto f\u00edsico no espa\u00e7o virtual at\u00e9 que esse modelo atinja o desempenho esperado, altura em que \u00e9 ent\u00e3o<br>pronto a ser constru\u00eddo ou melhorado (se j\u00e1 constru\u00eddo) no mundo f\u00edsico <sup>2<\/sup>&#8220;.<\/p>\n\n\n\n<p>Este projeto reflete tanto a investiga\u00e7\u00e3o individual do autor em torno de realidades mistas como as suas reflex\u00f5es em torno da realidade e da mortalidade. Tamb\u00e9m intersecta, utiliza, e abusa de conceitos como informa\u00e7\u00e3o e bases de dados, altamente envolvidos no contexto contempor\u00e2neo centrado em dados, particularmente no que diz respeito a quest\u00f5es de sa\u00fade.<\/p>\n\n\n\n<p>A inten\u00e7\u00e3o do conceito \u00e9 contribuir para um debate promissor, aberto a quest\u00f5es que retratam a rela\u00e7\u00e3o entre as novas tecnologias e a sua utiliza\u00e7\u00e3o na cria\u00e7\u00e3o de estrat\u00e9gias narrativas baseadas na a\u00e7\u00e3o p\u00fablica.<\/p>\n\n\n\n<p>Pode uma obra de arte ser alterada e tamb\u00e9m mudar o seu p\u00fablico? A pergunta procura abrir caminhos para novas interpreta\u00e7\u00f5es, profundamente enraizadas em experi\u00eancias sociais e culturais, embora individuais ou coletivas.<\/p>\n\n\n\n<p><strong>Palavras-chave: <\/strong>Digital Twin, Instala\u00e7\u00e3o IA, Intera\u00e7\u00e3o, Arte medi\u00e1tica.<\/p>\n\n\n\n<p><span style=\"text-decoration: underline;\">Refer\u00eancias:<\/span><br><sup>1<\/sup> Kamel Boulos MN, Zhang P. (2021). Digital Twins: From Personalised Medicine to Precision Public Health. Journal of Personalized Medicine. 11(8):745. doi: 10.3390\/jpm11080745 https:\/\/www.mdpi.com\/2075-4426\/11\/8\/745\/htm<br><sup>2<\/sup> Marr, B. What is Digital Twin Technology and Why Is It so Important? (2017). Forbes. Available online: https:\/\/www.forbes.com\/sites\/bernardmarr\/2017\/03\/06\/what-is-digital-twin-technology-and-why-is-it-so-important\/ (accessed on 2 July 2021) cited by Kamel Boulos, MN and P. Zhang (2021).<\/p>\n\n\n\n<p><strong>EN\/\/<\/strong><\/p>\n\n\n\n<p>Digital Twin combines the presence of interactive projections of real-time three-dimensional shape-shifted particles \u2013 an AI computed vision entity &#8211; mixed with real world artefacts (gold gilded skull and a fan).<\/p>\n\n\n\n<p>The piece refers to and positions itself on a luminous plane, building a non-linear bidirectional narrative as a product of the relationship between the audience and the interactive entity &#8211; a futuristic volumetric and metaphorical digital Artificial Intelligence (AI) inspired by the evolution of the current concept of Digital Twin. As Kamel Boulos and Zhang (2021:1) explain<sup>1<\/sup>:<\/p>\n\n\n\n<p>\u201cConceptually, a digital twin is a digital replica or representation of a physical object, process, or service, but also much more than that. It is a virtual model (data plus algorithms) with special features not found in traditional models and simulations, one that dynamically pairs the physical and digital worlds, and leverages modern technologies, such as smart sensor technology, data analytics, and AI in order to detect and prevent system failures, improve system performance, and explore innovative opportunities. The ultimate goal for digital twins, at least in terms of manufacturing, is to iteratively model, test, and optimise a physical object in the virtual space until that model meets expected performance, at which point it is then ready to be built or enhanced (if already built) in the physical world<sup>2<\/sup>\u201d.<\/p>\n\n\n\n<p>This project reflects both the author&#8217;s individual research around mixed realities and his musings around reality and mortality. It also intersects, uses, and abuses concepts such as information and databases, highly involved in the contemporary data-centred context, particularly regarding health issues.<\/p>\n\n\n\n<p>The concept\u2019s intent is to contribute to a promising debate, open to questions portraying the relationship between new technologies and their use in the creation of narrative strategies based on public action.<\/p>\n\n\n\n<p>Can an artwork be changed and also change its audience? The query endeavors to open paths for new interpretations, deep-seated on social and cultural experiences, albeit it individual or collective.<\/p>\n\n\n\n<p><strong>Keywords:<\/strong> Digital Twin, AI Installation, Interaction, Media Art.<\/p>\n\n\n\n<p><span style=\"text-decoration: underline;\">References:<br><\/span><sup>1<\/sup> Kamel Boulos MN, Zhang P. (2021). Digital Twins: From Personalised Medicine to Precision Public Health. Journal of Personalized Medicine. 11(8):745. doi: 10.3390\/jpm11080745 https:\/\/www.mdpi.com\/2075-4426\/11\/8\/745\/htm<br><sup>2<\/sup> Marr, B. What is Digital Twin Technology and Why Is It so Important? (2017). Forbes. Available online: https:\/\/www.forbes.com\/sites\/bernardmarr\/2017\/03\/06\/what-is-digital-twin-technology-and-why-is-it-so-important\/ (accessed on 2 July 2021) cited by Kamel Boulos, MN and P. Zhang (2021).<\/p>\n\n\n\n<hr class=\"wp-block-separator is-style-wide\"\/>\n\n\n\n<p class=\"has-text-color\" style=\"color:#858484;font-size:25px\"><strong>BIO<\/strong><\/p>\n\n\n\n<p><strong>PT\/\/<\/strong><\/p>\n\n\n\n<p>S\u00e9rgio combina seus projetos art\u00edsticos com atividades de ensino. Atualmente \u00e9 Professor convidado do Departamento de Comunica\u00e7\u00e3o e Arte da Universidade de Aveiro e Professor Coordenador do ISCE DOURO &#8211; Instituto Superior de Ci\u00eancias Educativas do Douro. Coordena o NIAM &#8211; Grupo de Investiga\u00e7\u00e3o em Artes e Multim\u00e9dia do ISCE DOURO. \u00c9 membro do ID+, Instituto de Investiga\u00e7\u00e3o em Meios de Design e Cultura. \u00c9 tamb\u00e9m Designer S\u00e9nior (Design) na AbsoluteBPC (empresa de dispositivos m\u00e9dicos) desde 2017. Recentemente, o trabalho de S\u00e9rgio foi distinguido nos Pr\u00e9mios da Associa\u00e7\u00e3o Portuguesa de Museologia (2021), na categoria multim\u00e9dia.<\/p>\n\n\n\n<p>O trabalho art\u00edstico de S\u00e9rgio tem estado presente em v\u00e1rias exposi\u00e7\u00f5es de arte a partir de 1994. Os seus trabalhos mais recentes e relevantes foram:<\/p>\n\n\n\n<ul><li>2011- \u201c(Un)seen Sculptures\u201d Sydney \/ Melbourne \/ Cairns.<\/li><li>2012 &#8211; \u201cARnatomy\u201d CAE &#8211; Centro de Artes e Espet\u00e1culos da Figueira da Foz \u2013 Portugal.<\/li><li>2015 &#8211; \u201cSelfie Museum\u201d \u2013 ARTECH 2015 &#8211; Museum Ab\u00edlio de Mattos e Silva; \u00d3bidos, Portugal.<\/li><li>2015 &#8211; \u201cImaginary Museum\u201d \u2013 Museu de Aveiro. Portugal.<\/li><li>2017 &#8211; \u201cPequenas Hist\u00f3rias do ser\u201d \u2013 in \u201cOlhar e Experi\u00eancia: Interfer\u00eancias no Arquivo\u201d \u2013 Museu Penafiel. Portugal.<\/li><li>2017- \u201cHom\u00fanculo\u201d EM MEIO9.0 do #16.ART. Museu da Escola de Belas-Artes do Porto Artes. Portugal.<\/li><li>2018- \u201cINHUMATUS\u201d. Porta 14 &#8211; Lisboa. Com Gilberto Reis e Moirika Reker, Portugal.<\/li><li>2018- \u201cSpace time\u201d in \u201cMat\u00e9ria Pensamento Tempo Forma\u201d \u2013 Museu Penafiel, Portugal.<\/li><li>2019 &#8211; \u201cA terra \u00e9 feita de c\u00e9u\u201d. VR project in \u201cEnsaio\u201d &#8211; Atelier Eliseu. Lous\u00e3. Portugal.<\/li><li>2019 &#8211; \u201cINHUMATUS VR\u201d. Escola Superior de Belas Artes de Lisboa (Universidade de Lisboa). Com Gilberto Reis e Moirika Reker. #18. Art, Lisboa, Portugal.<\/li><li>2021 &#8211; Uma Pedra no Est\u00f4mago \u2013 Instala\u00e7\u00e3o\/Performance. Confer\u00eancia Internacional ARTECH2021 Aveiro. Com Gilberto Reis.<\/li><li>2021 &#8211; Two Polish Jews: Rich and Poor. Trabalho em v\u00eddeo sobre imagens de Mussorsky na exposi\u00e7\u00e3o \u201cViver ao vivo com tempo no centro\u201d. Celorico da Beira. Portugal.<\/li><\/ul>\n\n\n\n<p><strong>EN\/\/<\/strong><\/p>\n\n\n\n<p>S\u00e9rgio combines his artistic projects with teaching activities. Currently he is an invited Professor at the Department of Communication and Art at the University of Aveiro and Coordinator Professor at ISCE DOURO &#8211; Instituto Superior de Ci\u00eancias Educativas do Douro (Institute of Educational Sciences of Douro). He coordinates NIAM &#8211; Research Group in Arts and Multimedia at ISCE Douro.. He is a member of ID+, Institute for Research in Design Media and Culture. Heis also Senior Designer (Design) at AbsoluteBPC (medical device company) since 2017. Recently, S\u00e9rgio\u2019s work was distinguished at Awards of the Portuguese Museology Association (2021) in the multimedia category.<\/p>\n\n\n\n<p>S\u00e9rgio\u2019s artistic work has been present in several art exhibitions from 1994 onwards. His most relevant and recent works were:<\/p>\n\n\n\n<ul><li>2011- \u201c(Un)seen Sculptures\u201d Sydney \/ Melbourne \/ Cairns.<\/li><li>2012 &#8211; \u201cARnatomy\u201d CAE &#8211; Centro de Artes e Espet\u00e1culos da Figueira da Foz \u2013 Portugal.<\/li><li>2015 &#8211; \u201cSelfie Museum\u201d \u2013 ARTECH 2015 &#8211; Museum Ab\u00edlio de Mattos e Silva; \u00d3bidos, Portugal.<\/li><li>2015 &#8211; \u201cImaginary Museum\u201d \u2013 Museum of Aveiro. Portugal.<\/li><li>2017 &#8211; \u201cPequenas Hist\u00f3rias do ser\u201d \u2013 in \u201cOlhar e Experi\u00eancia: Interfer\u00eancias no Arquivo\u201d \u2013 Penafiel Museum. Portugal.<\/li><li>2017- \u201cHom\u00fanculo\u201d EM MEIO9.0 do #16.ART. Museum of the Oporto School of Fine Arts. Portugal.<\/li><li>2018- \u201cINHUMATUS\u201d. Porta 14 &#8211; Lisboa. With Gilberto Reis and Moirika Reker, Portugal.<\/li><li>2018- \u201cSpace time\u201d in \u201cMat\u00e9ria Pensamento Tempo Forma\u201d \u2013 Penafiel Museum, Portugal.<\/li><li>2019 &#8211; \u201cA terra \u00e9 feita de c\u00e9u\u201d. VR project in \u201cEnsaio\u201d &#8211; Atelier Eliseu. Lous\u00e3. Portugal.<\/li><li>2019 &#8211; \u201cINHUMATUS VR\u201d. Lisbon School of Fine Arts (University of Lisbon). With Gilberto Reis and Moirika Reker. #18. Art, Lisboa, Portugal.<\/li><li>2021 &#8211; Uma Pedra no Est\u00f4mago \u2013 Installation\/Performance. International Conference ARTECH2021 Aveiro. With Gilberto Reis.<\/li><li>2021 &#8211; Two Polish Jews: Rich and Poor. Video work on Mussorsky pictures at the exhibition \u201cViver ao vivo com tempo no centro\u201d. Celorico da Beira. Portugal.<\/li><\/ul>\n","protected":false},"excerpt":{"rendered":"<p>Digital Twin S\u00e9rgio Eliseu PT\/\/ Digital Twin combina a presen\u00e7a de proje\u00e7\u00f5es interativas de part\u00edculas tridimensionais deslocadas em tempo real &#8211; uma entidade de vis\u00e3o computorizada AI &#8211; misturadas com artefatos do mundo real (cr\u00e2nio dourado e um ventilador). A pe\u00e7a refere-se e posiciona-se num plano luminoso, construindo uma narrativa bidirecional n\u00e3o linear como produto &hellip; <a href=\"https:\/\/blend.imm.medicina.ulisboa.pt\/digital-twin-sergio-eliseu\/\">Continued<\/a><\/p>\n","protected":false},"author":13,"featured_media":0,"parent":0,"menu_order":0,"comment_status":"closed","ping_status":"closed","template":"views\/template-900.blade.php","meta":[],"yoast_head":"<!-- This site is optimized with the Yoast SEO plugin v17.4 - https:\/\/yoast.com\/wordpress\/plugins\/seo\/ -->\n<title>Digital Twin | S\u00e9rgio Eliseu - Blend<\/title>\n<meta name=\"robots\" content=\"index, follow, max-snippet:-1, max-image-preview:large, max-video-preview:-1\" \/>\n<link rel=\"canonical\" href=\"https:\/\/blend.imm.medicina.ulisboa.pt\/digital-twin-sergio-eliseu\/\" \/>\n<meta property=\"og:locale\" content=\"pt_PT\" \/>\n<meta property=\"og:type\" content=\"article\" \/>\n<meta property=\"og:title\" content=\"Digital Twin | S\u00e9rgio Eliseu - Blend\" \/>\n<meta property=\"og:description\" content=\"Digital Twin S\u00e9rgio Eliseu PT\/\/ Digital Twin combina a presen\u00e7a de proje\u00e7\u00f5es interativas de part\u00edculas tridimensionais deslocadas em tempo real &#8211; uma entidade de vis\u00e3o computorizada AI &#8211; misturadas com artefatos do mundo real (cr\u00e2nio dourado e um ventilador). A pe\u00e7a refere-se e posiciona-se num plano luminoso, construindo uma narrativa bidirecional n\u00e3o linear como produto &hellip; Continued\" \/>\n<meta property=\"og:url\" content=\"https:\/\/blend.imm.medicina.ulisboa.pt\/digital-twin-sergio-eliseu\/\" \/>\n<meta property=\"og:site_name\" content=\"Blend\" \/>\n<meta property=\"article:modified_time\" content=\"2023-02-02T15:19:37+00:00\" \/>\n<meta property=\"og:image\" content=\"http:\/\/blend.imm.medicina.ulisboa.pt\/wp-content\/uploads\/sites\/30\/2023\/02\/Foto-capa-da-pec\u0327a-1024x753.jpg\" \/>\n<meta name=\"twitter:card\" content=\"summary_large_image\" \/>\n<meta name=\"twitter:label1\" content=\"Tempo estimado de leitura\" \/>\n\t<meta name=\"twitter:data1\" content=\"7 minutos\" \/>\n<script type=\"application\/ld+json\" class=\"yoast-schema-graph\">{\"@context\":\"https:\/\/schema.org\",\"@graph\":[{\"@type\":\"WebSite\",\"@id\":\"https:\/\/blend.imm.medicina.ulisboa.pt\/en\/#website\",\"url\":\"https:\/\/blend.imm.medicina.ulisboa.pt\/en\/\",\"name\":\"Blend\",\"description\":\"Arte contempor\\u00e2nea em di\\u00e1logo com medicina e ci\\u00eancia\",\"potentialAction\":[{\"@type\":\"SearchAction\",\"target\":{\"@type\":\"EntryPoint\",\"urlTemplate\":\"https:\/\/blend.imm.medicina.ulisboa.pt\/en\/?s={search_term_string}\"},\"query-input\":\"required name=search_term_string\"}],\"inLanguage\":\"pt-PT\"},{\"@type\":\"ImageObject\",\"@id\":\"https:\/\/blend.imm.medicina.ulisboa.pt\/digital-twin-sergio-eliseu\/#primaryimage\",\"inLanguage\":\"pt-PT\",\"url\":\"http:\/\/blend.imm.medicina.ulisboa.pt\/wp-content\/uploads\/sites\/30\/2023\/02\/Foto-capa-da-pec\\u0327a-1024x753.jpg\",\"contentUrl\":\"http:\/\/blend.imm.medicina.ulisboa.pt\/wp-content\/uploads\/sites\/30\/2023\/02\/Foto-capa-da-pec\\u0327a-1024x753.jpg\"},{\"@type\":\"WebPage\",\"@id\":\"https:\/\/blend.imm.medicina.ulisboa.pt\/digital-twin-sergio-eliseu\/#webpage\",\"url\":\"https:\/\/blend.imm.medicina.ulisboa.pt\/digital-twin-sergio-eliseu\/\",\"name\":\"Digital Twin | S\\u00e9rgio Eliseu - Blend\",\"isPartOf\":{\"@id\":\"https:\/\/blend.imm.medicina.ulisboa.pt\/en\/#website\"},\"primaryImageOfPage\":{\"@id\":\"https:\/\/blend.imm.medicina.ulisboa.pt\/digital-twin-sergio-eliseu\/#primaryimage\"},\"datePublished\":\"2023-01-18T10:44:58+00:00\",\"dateModified\":\"2023-02-02T15:19:37+00:00\",\"breadcrumb\":{\"@id\":\"https:\/\/blend.imm.medicina.ulisboa.pt\/digital-twin-sergio-eliseu\/#breadcrumb\"},\"inLanguage\":\"pt-PT\",\"potentialAction\":[{\"@type\":\"ReadAction\",\"target\":[\"https:\/\/blend.imm.medicina.ulisboa.pt\/digital-twin-sergio-eliseu\/\"]}]},{\"@type\":\"BreadcrumbList\",\"@id\":\"https:\/\/blend.imm.medicina.ulisboa.pt\/digital-twin-sergio-eliseu\/#breadcrumb\",\"itemListElement\":[{\"@type\":\"ListItem\",\"position\":1,\"name\":\"Home\",\"item\":\"https:\/\/blend.imm.medicina.ulisboa.pt\/\"},{\"@type\":\"ListItem\",\"position\":2,\"name\":\"Digital Twin | S\\u00e9rgio Eliseu\"}]}]}<\/script>\n<!-- \/ Yoast SEO plugin. -->","yoast_head_json":{"title":"Digital Twin | S\u00e9rgio Eliseu - Blend","robots":{"index":"index","follow":"follow","max-snippet":"max-snippet:-1","max-image-preview":"max-image-preview:large","max-video-preview":"max-video-preview:-1"},"canonical":"https:\/\/blend.imm.medicina.ulisboa.pt\/digital-twin-sergio-eliseu\/","og_locale":"pt_PT","og_type":"article","og_title":"Digital Twin | S\u00e9rgio Eliseu - Blend","og_description":"Digital Twin S\u00e9rgio Eliseu PT\/\/ Digital Twin combina a presen\u00e7a de proje\u00e7\u00f5es interativas de part\u00edculas tridimensionais deslocadas em tempo real &#8211; uma entidade de vis\u00e3o computorizada AI &#8211; misturadas com artefatos do mundo real (cr\u00e2nio dourado e um ventilador). A pe\u00e7a refere-se e posiciona-se num plano luminoso, construindo uma narrativa bidirecional n\u00e3o linear como produto &hellip; Continued","og_url":"https:\/\/blend.imm.medicina.ulisboa.pt\/digital-twin-sergio-eliseu\/","og_site_name":"Blend","article_modified_time":"2023-02-02T15:19:37+00:00","og_image":[{"url":"http:\/\/blend.imm.medicina.ulisboa.pt\/wp-content\/uploads\/sites\/30\/2023\/02\/Foto-capa-da-pec\u0327a-1024x753.jpg"}],"twitter_card":"summary_large_image","twitter_misc":{"Tempo estimado de leitura":"7 minutos"},"schema":{"@context":"https:\/\/schema.org","@graph":[{"@type":"WebSite","@id":"https:\/\/blend.imm.medicina.ulisboa.pt\/en\/#website","url":"https:\/\/blend.imm.medicina.ulisboa.pt\/en\/","name":"Blend","description":"Arte contempor\u00e2nea em di\u00e1logo com medicina e ci\u00eancia","potentialAction":[{"@type":"SearchAction","target":{"@type":"EntryPoint","urlTemplate":"https:\/\/blend.imm.medicina.ulisboa.pt\/en\/?s={search_term_string}"},"query-input":"required name=search_term_string"}],"inLanguage":"pt-PT"},{"@type":"ImageObject","@id":"https:\/\/blend.imm.medicina.ulisboa.pt\/digital-twin-sergio-eliseu\/#primaryimage","inLanguage":"pt-PT","url":"http:\/\/blend.imm.medicina.ulisboa.pt\/wp-content\/uploads\/sites\/30\/2023\/02\/Foto-capa-da-pec\u0327a-1024x753.jpg","contentUrl":"http:\/\/blend.imm.medicina.ulisboa.pt\/wp-content\/uploads\/sites\/30\/2023\/02\/Foto-capa-da-pec\u0327a-1024x753.jpg"},{"@type":"WebPage","@id":"https:\/\/blend.imm.medicina.ulisboa.pt\/digital-twin-sergio-eliseu\/#webpage","url":"https:\/\/blend.imm.medicina.ulisboa.pt\/digital-twin-sergio-eliseu\/","name":"Digital Twin | S\u00e9rgio Eliseu - Blend","isPartOf":{"@id":"https:\/\/blend.imm.medicina.ulisboa.pt\/en\/#website"},"primaryImageOfPage":{"@id":"https:\/\/blend.imm.medicina.ulisboa.pt\/digital-twin-sergio-eliseu\/#primaryimage"},"datePublished":"2023-01-18T10:44:58+00:00","dateModified":"2023-02-02T15:19:37+00:00","breadcrumb":{"@id":"https:\/\/blend.imm.medicina.ulisboa.pt\/digital-twin-sergio-eliseu\/#breadcrumb"},"inLanguage":"pt-PT","potentialAction":[{"@type":"ReadAction","target":["https:\/\/blend.imm.medicina.ulisboa.pt\/digital-twin-sergio-eliseu\/"]}]},{"@type":"BreadcrumbList","@id":"https:\/\/blend.imm.medicina.ulisboa.pt\/digital-twin-sergio-eliseu\/#breadcrumb","itemListElement":[{"@type":"ListItem","position":1,"name":"Home","item":"https:\/\/blend.imm.medicina.ulisboa.pt\/"},{"@type":"ListItem","position":2,"name":"Digital Twin | S\u00e9rgio Eliseu"}]}]}},"_links":{"self":[{"href":"https:\/\/blend.imm.medicina.ulisboa.pt\/en\/wp-json\/wp\/v2\/pages\/264"}],"collection":[{"href":"https:\/\/blend.imm.medicina.ulisboa.pt\/en\/wp-json\/wp\/v2\/pages"}],"about":[{"href":"https:\/\/blend.imm.medicina.ulisboa.pt\/en\/wp-json\/wp\/v2\/types\/page"}],"author":[{"embeddable":true,"href":"https:\/\/blend.imm.medicina.ulisboa.pt\/en\/wp-json\/wp\/v2\/users\/13"}],"replies":[{"embeddable":true,"href":"https:\/\/blend.imm.medicina.ulisboa.pt\/en\/wp-json\/wp\/v2\/comments?post=264"}],"version-history":[{"count":2,"href":"https:\/\/blend.imm.medicina.ulisboa.pt\/en\/wp-json\/wp\/v2\/pages\/264\/revisions"}],"predecessor-version":[{"id":292,"href":"https:\/\/blend.imm.medicina.ulisboa.pt\/en\/wp-json\/wp\/v2\/pages\/264\/revisions\/292"}],"wp:attachment":[{"href":"https:\/\/blend.imm.medicina.ulisboa.pt\/en\/wp-json\/wp\/v2\/media?parent=264"}],"curies":[{"name":"wp","href":"https:\/\/api.w.org\/{rel}","templated":true}]}}