{"id":34,"date":"2022-04-19T14:16:03","date_gmt":"2022-04-19T14:16:03","guid":{"rendered":"https:\/\/blend.imm.medicina.ulisboa.pt\/?page_id=34"},"modified":"2022-06-01T11:05:47","modified_gmt":"2022-06-01T11:05:47","slug":"hybrid-bodies-stencil-water-collors-andrew-carnie","status":"publish","type":"page","link":"https:\/\/blend.imm.medicina.ulisboa.pt\/hybrid-bodies-stencil-water-collors-andrew-carnie\/","title":{"rendered":"Hybrid bodies: Stencil Water Collors | Andrew Carnie"},"content":{"rendered":"\n<p class=\"has-text-align-right has-text-color\" style=\"color:#504e4e;font-size:40px\"><strong>Hybrid bodies: Stencil Water Collors<\/strong><\/p>\n\n\n\n<p class=\"has-text-align-right has-text-color\" style=\"color:#858484;font-size:30px\">Andrew Carnie<\/p>\n\n\n\n<figure class=\"wp-block-image size-large\"><img loading=\"lazy\" width=\"1024\" height=\"576\" src=\"http:\/\/blend.imm.medicina.ulisboa.pt\/wp-content\/uploads\/sites\/30\/2022\/04\/Bloco-Destaque-Homepage_Andrew-Carnie-1024x576.png\" alt=\"\" class=\"wp-image-30\" srcset=\"https:\/\/blend.imm.medicina.ulisboa.pt\/wp-content\/uploads\/sites\/30\/2022\/04\/Bloco-Destaque-Homepage_Andrew-Carnie-1024x576.png 1024w, https:\/\/blend.imm.medicina.ulisboa.pt\/wp-content\/uploads\/sites\/30\/2022\/04\/Bloco-Destaque-Homepage_Andrew-Carnie-300x169.png 300w, https:\/\/blend.imm.medicina.ulisboa.pt\/wp-content\/uploads\/sites\/30\/2022\/04\/Bloco-Destaque-Homepage_Andrew-Carnie-768x432.png 768w, https:\/\/blend.imm.medicina.ulisboa.pt\/wp-content\/uploads\/sites\/30\/2022\/04\/Bloco-Destaque-Homepage_Andrew-Carnie-1536x864.png 1536w, https:\/\/blend.imm.medicina.ulisboa.pt\/wp-content\/uploads\/sites\/30\/2022\/04\/Bloco-Destaque-Homepage_Andrew-Carnie.png 1920w\" sizes=\"(max-width: 1024px) 100vw, 1024px\" \/><\/figure>\n\n\n\n<p><strong>PT\/\/<\/strong><\/p>\n\n\n\n<p>Hydrid Bodies: Stencil Watercolors Series (Corpos H\u00edbridos: S\u00e9rie de Aguarelas em Est\u00eancil) \u00e9 um conjunto de trabalhos bidimensionais em papel de aguarela realizados no \u00e2mbito do projeto Enlighten Immunology.<\/p>\n\n\n\n<p>O objetivo deste trabalho era definir o corpo humano atrav\u00e9s do sistema linf\u00e1tico, parte do sistema imunit\u00e1rio, obtendo uma forma gen\u00e9rica que se contrap\u00f5e \u00e0 presen\u00e7a daquilo que o poderia atacar \u2013 v\u00edrus, bact\u00e9rias, fungos ou parasitas.<\/p>\n\n\n\n<p>Esta s\u00e9rie de aguarelas do sistema linf\u00e1tico, de grande escala, teve in\u00edcio no ver\u00e3o de 2017. Estes trabalhos s\u00e3o resistentes. Resistentes porque o est\u00eancil de cart\u00e3o do sistema linf\u00e1tico teve de suportar diferentes materiais que comprometem o corpo no Reino Unido: p\u00f3len, os esporos de cogumelos bola de terra que representam fungos, e os corpos de mosquitos que representam parasitas.<\/p>\n\n\n\n<p>Outras experi\u00eancias partiram de um est\u00eancil cortado a lazer, aguarelas e tinta dourada que d\u00e1 visibilidade ao sistema linf\u00e1tico, homenageando-o de alguma forma, ao enfatizar a complexidade do sistema imunit\u00e1rio, que nos distingue dos outros e a um n\u00edvel mais b\u00e1sico, nos define como n\u00f3s mesmos.<\/p>\n\n\n\n<p>O resultado inclui algumas pe\u00e7as de corpo inteiro, criadas sob este intuito, e alguns bustos.<\/p>\n\n\n\n<p><strong>ENG\/\/<\/strong><\/p>\n\n\n\n<p>Hydrid Bodies: Stencil Watercolors Series is a set of flat art works on watercolour paper made for the Enlighten Immunology project.<\/p>\n\n\n\n<p>The principal behind the work, was to give shape to a generalised human body, by defining through the lymphatic sytem, part of the bodies immune system, set against what might be trying to dismantle the body, be it virus, backteria, fungi or parasite.<\/p>\n\n\n\n<p>This series of large-scale watercolors of the lymphatic system started during the summer of 2017. The works were of a resist type, the resist being the stencil card of the lymph system resisting materials that would compromise the body in the UK: earth ball spores representing fungi, pollen and mosquito\u2019s bodies representing parasites.<\/p>\n\n\n\n<p>Other works used the laser cut stencil, watercolor paint and gold ink to raise the profile of the lymphatic system, honoring it in some way by high-lighting this complex system that defines us form other. At the basest level it is the immune system that defines us as us.<\/p>\n\n\n\n<p>The result was a number of full-sized body pieces to this effect and other upper body works.<\/p>\n\n\n\n<div class=\"wp-block-columns\">\n<div class=\"wp-block-column\">\n<figure class=\"wp-block-image size-large\"><img loading=\"lazy\" width=\"768\" height=\"1024\" src=\"http:\/\/blend.imm.medicina.ulisboa.pt\/wp-content\/uploads\/sites\/30\/2022\/06\/Andrew-Carnie-b-768x1024.jpeg\" alt=\"\" class=\"wp-image-118\" srcset=\"https:\/\/blend.imm.medicina.ulisboa.pt\/wp-content\/uploads\/sites\/30\/2022\/06\/Andrew-Carnie-b-768x1024.jpeg 768w, https:\/\/blend.imm.medicina.ulisboa.pt\/wp-content\/uploads\/sites\/30\/2022\/06\/Andrew-Carnie-b-225x300.jpeg 225w, https:\/\/blend.imm.medicina.ulisboa.pt\/wp-content\/uploads\/sites\/30\/2022\/06\/Andrew-Carnie-b-1152x1536.jpeg 1152w, https:\/\/blend.imm.medicina.ulisboa.pt\/wp-content\/uploads\/sites\/30\/2022\/06\/Andrew-Carnie-b-1536x2048.jpeg 1536w, https:\/\/blend.imm.medicina.ulisboa.pt\/wp-content\/uploads\/sites\/30\/2022\/06\/Andrew-Carnie-b.jpeg 1660w\" sizes=\"(max-width: 768px) 100vw, 768px\" \/><\/figure>\n<\/div>\n\n\n\n<div class=\"wp-block-column\">\n<figure class=\"wp-block-image size-large\"><img loading=\"lazy\" width=\"768\" height=\"1024\" src=\"http:\/\/blend.imm.medicina.ulisboa.pt\/wp-content\/uploads\/sites\/30\/2022\/06\/Andrew-Carnie-768x1024.jpeg\" alt=\"\" class=\"wp-image-120\" srcset=\"https:\/\/blend.imm.medicina.ulisboa.pt\/wp-content\/uploads\/sites\/30\/2022\/06\/Andrew-Carnie-768x1024.jpeg 768w, https:\/\/blend.imm.medicina.ulisboa.pt\/wp-content\/uploads\/sites\/30\/2022\/06\/Andrew-Carnie-225x300.jpeg 225w, https:\/\/blend.imm.medicina.ulisboa.pt\/wp-content\/uploads\/sites\/30\/2022\/06\/Andrew-Carnie-1152x1536.jpeg 1152w, https:\/\/blend.imm.medicina.ulisboa.pt\/wp-content\/uploads\/sites\/30\/2022\/06\/Andrew-Carnie-1536x2048.jpeg 1536w, https:\/\/blend.imm.medicina.ulisboa.pt\/wp-content\/uploads\/sites\/30\/2022\/06\/Andrew-Carnie.jpeg 1660w\" sizes=\"(max-width: 768px) 100vw, 768px\" \/><\/figure>\n<\/div>\n\n\n\n<div class=\"wp-block-column\">\n<figure class=\"wp-block-image size-large\"><img loading=\"lazy\" width=\"768\" height=\"1024\" src=\"http:\/\/blend.imm.medicina.ulisboa.pt\/wp-content\/uploads\/sites\/30\/2022\/06\/Andrew-Carnie-c-768x1024.jpeg\" alt=\"\" class=\"wp-image-119\" srcset=\"https:\/\/blend.imm.medicina.ulisboa.pt\/wp-content\/uploads\/sites\/30\/2022\/06\/Andrew-Carnie-c-768x1024.jpeg 768w, https:\/\/blend.imm.medicina.ulisboa.pt\/wp-content\/uploads\/sites\/30\/2022\/06\/Andrew-Carnie-c-225x300.jpeg 225w, https:\/\/blend.imm.medicina.ulisboa.pt\/wp-content\/uploads\/sites\/30\/2022\/06\/Andrew-Carnie-c-1152x1536.jpeg 1152w, https:\/\/blend.imm.medicina.ulisboa.pt\/wp-content\/uploads\/sites\/30\/2022\/06\/Andrew-Carnie-c-1536x2048.jpeg 1536w, https:\/\/blend.imm.medicina.ulisboa.pt\/wp-content\/uploads\/sites\/30\/2022\/06\/Andrew-Carnie-c.jpeg 1660w\" sizes=\"(max-width: 768px) 100vw, 768px\" \/><\/figure>\n<\/div>\n<\/div>\n\n\n\n<hr class=\"wp-block-separator is-style-wide\"\/>\n\n\n\n<p class=\"has-text-color\" style=\"color:#858484;font-size:30px\"><strong>BIO<\/strong><\/p>\n\n\n\n<p><strong>PT\/\/<\/strong><\/p>\n\n\n\n<p>Andrew Carnie nasceu em 1957 e vive e trabalha em Winchester e Londres como artista e professor universit\u00e1rio. Estudou Qu\u00edmica e Pintura na Warren Wilson College, Carolina do Norte, e depois, Zoologia e Psicologia na Universidade de Durham, antes de concluir a Licenciatura em Belas Artes no Goldsmiths College e Mestrado em Pintura na Royal College of Art, Londres.A sua linguagem art\u00edstica implica muitas vezes intera\u00e7\u00f5es com cientistas de diferentes campos, relativas a t\u00f3picos e ideias, que costumam estar interligados ao c\u00e9rebro e \u00e0 neurologia. A no\u00e7\u00e3o de que qualquer pessoa pode aceder e interpretar dados cient\u00edficos como uma fase inicial do processo criativo \u00e9-lhe muito importante. O seu trabalho baseia-se na natureza temporal, podendo envolver proje\u00e7\u00f5es de slides que partem de sistemas dissolvidos ou proje\u00e7\u00f5es de v\u00eddeos em ecr\u00e3s complexos. Tem exposto e apresentado a sua obra por todo o mundo. Algumas das suas pe\u00e7as integram diferentes cole\u00e7\u00f5es na Inglaterra, Alemanha e Am\u00e9rica.<\/p>\n\n\n\n<p><strong>ENG\/\/<\/strong><\/p>\n\n\n\n<p>Andrew Carnie is an artist and academic based in Winchester and London. Carnie Studied chemistry and painting at Warren Wilson College, North Carolina,then zoology and psychology at Durham University, before taking a degree in FineArt at Goldsmiths College, London.He then completed his Masters degree in thePainting School, at the Royal College of Art, London.His artistic practice often involves a meaningful interaction with scientists in different fields, regarding themes and ideas, which are often based around the brain and neurology. The notion that one can access and interpret scientific data as an early stage in the development of work is important to him. The work is often time-based in nature, involving slide projection using dissolve systems or video projection onto complex screen configurations. Andrew\u2019s work has been exhibited and presented worldwide and is represented in different collections\u2013England, German and America.<\/p>\n","protected":false},"excerpt":{"rendered":"<p>Hybrid bodies: Stencil Water Collors Andrew Carnie PT\/\/ Hydrid Bodies: Stencil Watercolors Series (Corpos H\u00edbridos: S\u00e9rie de Aguarelas em Est\u00eancil) \u00e9 um conjunto de trabalhos bidimensionais em papel de aguarela realizados no \u00e2mbito do projeto Enlighten Immunology. O objetivo deste trabalho era definir o corpo humano atrav\u00e9s do sistema linf\u00e1tico, parte do sistema imunit\u00e1rio, obtendo &hellip; <a href=\"https:\/\/blend.imm.medicina.ulisboa.pt\/hybrid-bodies-stencil-water-collors-andrew-carnie\/\">Continued<\/a><\/p>\n","protected":false},"author":13,"featured_media":0,"parent":0,"menu_order":0,"comment_status":"closed","ping_status":"closed","template":"views\/template-900.blade.php","meta":[],"yoast_head":"<!-- This site is optimized with the Yoast SEO plugin v17.4 - https:\/\/yoast.com\/wordpress\/plugins\/seo\/ -->\n<title>Hybrid bodies: Stencil Water Collors | Andrew Carnie - Blend<\/title>\n<meta name=\"robots\" content=\"index, follow, max-snippet:-1, max-image-preview:large, max-video-preview:-1\" \/>\n<link rel=\"canonical\" href=\"https:\/\/blend.imm.medicina.ulisboa.pt\/hybrid-bodies-stencil-water-collors-andrew-carnie\/\" \/>\n<meta property=\"og:locale\" content=\"pt_PT\" \/>\n<meta property=\"og:type\" content=\"article\" \/>\n<meta property=\"og:title\" content=\"Hybrid bodies: Stencil Water Collors | Andrew Carnie - Blend\" \/>\n<meta property=\"og:description\" content=\"Hybrid bodies: Stencil Water Collors Andrew Carnie PT\/\/ Hydrid Bodies: Stencil Watercolors Series (Corpos H\u00edbridos: S\u00e9rie de Aguarelas em Est\u00eancil) \u00e9 um conjunto de trabalhos bidimensionais em papel de aguarela realizados no \u00e2mbito do projeto Enlighten Immunology. O objetivo deste trabalho era definir o corpo humano atrav\u00e9s do sistema linf\u00e1tico, parte do sistema imunit\u00e1rio, obtendo &hellip; Continued\" \/>\n<meta property=\"og:url\" content=\"https:\/\/blend.imm.medicina.ulisboa.pt\/hybrid-bodies-stencil-water-collors-andrew-carnie\/\" \/>\n<meta property=\"og:site_name\" content=\"Blend\" \/>\n<meta property=\"article:modified_time\" content=\"2022-06-01T11:05:47+00:00\" \/>\n<meta property=\"og:image\" content=\"http:\/\/blend.imm.medicina.ulisboa.pt\/wp-content\/uploads\/sites\/30\/2022\/04\/Bloco-Destaque-Homepage_Andrew-Carnie-1024x576.png\" \/>\n<meta name=\"twitter:card\" content=\"summary_large_image\" \/>\n<meta name=\"twitter:label1\" content=\"Tempo estimado de leitura\" \/>\n\t<meta name=\"twitter:data1\" content=\"4 minutos\" \/>\n<script type=\"application\/ld+json\" class=\"yoast-schema-graph\">{\"@context\":\"https:\/\/schema.org\",\"@graph\":[{\"@type\":\"WebSite\",\"@id\":\"https:\/\/blend.imm.medicina.ulisboa.pt\/en\/#website\",\"url\":\"https:\/\/blend.imm.medicina.ulisboa.pt\/en\/\",\"name\":\"Blend\",\"description\":\"Arte contempor\\u00e2nea em di\\u00e1logo com medicina e ci\\u00eancia\",\"potentialAction\":[{\"@type\":\"SearchAction\",\"target\":{\"@type\":\"EntryPoint\",\"urlTemplate\":\"https:\/\/blend.imm.medicina.ulisboa.pt\/en\/?s={search_term_string}\"},\"query-input\":\"required name=search_term_string\"}],\"inLanguage\":\"pt-PT\"},{\"@type\":\"ImageObject\",\"@id\":\"https:\/\/blend.imm.medicina.ulisboa.pt\/hybrid-bodies-stencil-water-collors-andrew-carnie\/#primaryimage\",\"inLanguage\":\"pt-PT\",\"url\":\"http:\/\/blend.imm.medicina.ulisboa.pt\/wp-content\/uploads\/sites\/30\/2022\/04\/Bloco-Destaque-Homepage_Andrew-Carnie-1024x576.png\",\"contentUrl\":\"http:\/\/blend.imm.medicina.ulisboa.pt\/wp-content\/uploads\/sites\/30\/2022\/04\/Bloco-Destaque-Homepage_Andrew-Carnie-1024x576.png\"},{\"@type\":\"WebPage\",\"@id\":\"https:\/\/blend.imm.medicina.ulisboa.pt\/hybrid-bodies-stencil-water-collors-andrew-carnie\/#webpage\",\"url\":\"https:\/\/blend.imm.medicina.ulisboa.pt\/hybrid-bodies-stencil-water-collors-andrew-carnie\/\",\"name\":\"Hybrid bodies: Stencil Water Collors | Andrew Carnie - Blend\",\"isPartOf\":{\"@id\":\"https:\/\/blend.imm.medicina.ulisboa.pt\/en\/#website\"},\"primaryImageOfPage\":{\"@id\":\"https:\/\/blend.imm.medicina.ulisboa.pt\/hybrid-bodies-stencil-water-collors-andrew-carnie\/#primaryimage\"},\"datePublished\":\"2022-04-19T14:16:03+00:00\",\"dateModified\":\"2022-06-01T11:05:47+00:00\",\"breadcrumb\":{\"@id\":\"https:\/\/blend.imm.medicina.ulisboa.pt\/hybrid-bodies-stencil-water-collors-andrew-carnie\/#breadcrumb\"},\"inLanguage\":\"pt-PT\",\"potentialAction\":[{\"@type\":\"ReadAction\",\"target\":[\"https:\/\/blend.imm.medicina.ulisboa.pt\/hybrid-bodies-stencil-water-collors-andrew-carnie\/\"]}]},{\"@type\":\"BreadcrumbList\",\"@id\":\"https:\/\/blend.imm.medicina.ulisboa.pt\/hybrid-bodies-stencil-water-collors-andrew-carnie\/#breadcrumb\",\"itemListElement\":[{\"@type\":\"ListItem\",\"position\":1,\"name\":\"Home\",\"item\":\"https:\/\/blend.imm.medicina.ulisboa.pt\/\"},{\"@type\":\"ListItem\",\"position\":2,\"name\":\"Hybrid bodies: Stencil Water Collors | Andrew Carnie\"}]}]}<\/script>\n<!-- \/ Yoast SEO plugin. -->","yoast_head_json":{"title":"Hybrid bodies: Stencil Water Collors | Andrew Carnie - Blend","robots":{"index":"index","follow":"follow","max-snippet":"max-snippet:-1","max-image-preview":"max-image-preview:large","max-video-preview":"max-video-preview:-1"},"canonical":"https:\/\/blend.imm.medicina.ulisboa.pt\/hybrid-bodies-stencil-water-collors-andrew-carnie\/","og_locale":"pt_PT","og_type":"article","og_title":"Hybrid bodies: Stencil Water Collors | Andrew Carnie - Blend","og_description":"Hybrid bodies: Stencil Water Collors Andrew Carnie PT\/\/ Hydrid Bodies: Stencil Watercolors Series (Corpos H\u00edbridos: S\u00e9rie de Aguarelas em Est\u00eancil) \u00e9 um conjunto de trabalhos bidimensionais em papel de aguarela realizados no \u00e2mbito do projeto Enlighten Immunology. O objetivo deste trabalho era definir o corpo humano atrav\u00e9s do sistema linf\u00e1tico, parte do sistema imunit\u00e1rio, obtendo &hellip; Continued","og_url":"https:\/\/blend.imm.medicina.ulisboa.pt\/hybrid-bodies-stencil-water-collors-andrew-carnie\/","og_site_name":"Blend","article_modified_time":"2022-06-01T11:05:47+00:00","og_image":[{"url":"http:\/\/blend.imm.medicina.ulisboa.pt\/wp-content\/uploads\/sites\/30\/2022\/04\/Bloco-Destaque-Homepage_Andrew-Carnie-1024x576.png"}],"twitter_card":"summary_large_image","twitter_misc":{"Tempo estimado de leitura":"4 minutos"},"schema":{"@context":"https:\/\/schema.org","@graph":[{"@type":"WebSite","@id":"https:\/\/blend.imm.medicina.ulisboa.pt\/en\/#website","url":"https:\/\/blend.imm.medicina.ulisboa.pt\/en\/","name":"Blend","description":"Arte contempor\u00e2nea em di\u00e1logo com medicina e ci\u00eancia","potentialAction":[{"@type":"SearchAction","target":{"@type":"EntryPoint","urlTemplate":"https:\/\/blend.imm.medicina.ulisboa.pt\/en\/?s={search_term_string}"},"query-input":"required name=search_term_string"}],"inLanguage":"pt-PT"},{"@type":"ImageObject","@id":"https:\/\/blend.imm.medicina.ulisboa.pt\/hybrid-bodies-stencil-water-collors-andrew-carnie\/#primaryimage","inLanguage":"pt-PT","url":"http:\/\/blend.imm.medicina.ulisboa.pt\/wp-content\/uploads\/sites\/30\/2022\/04\/Bloco-Destaque-Homepage_Andrew-Carnie-1024x576.png","contentUrl":"http:\/\/blend.imm.medicina.ulisboa.pt\/wp-content\/uploads\/sites\/30\/2022\/04\/Bloco-Destaque-Homepage_Andrew-Carnie-1024x576.png"},{"@type":"WebPage","@id":"https:\/\/blend.imm.medicina.ulisboa.pt\/hybrid-bodies-stencil-water-collors-andrew-carnie\/#webpage","url":"https:\/\/blend.imm.medicina.ulisboa.pt\/hybrid-bodies-stencil-water-collors-andrew-carnie\/","name":"Hybrid bodies: Stencil Water Collors | Andrew Carnie - Blend","isPartOf":{"@id":"https:\/\/blend.imm.medicina.ulisboa.pt\/en\/#website"},"primaryImageOfPage":{"@id":"https:\/\/blend.imm.medicina.ulisboa.pt\/hybrid-bodies-stencil-water-collors-andrew-carnie\/#primaryimage"},"datePublished":"2022-04-19T14:16:03+00:00","dateModified":"2022-06-01T11:05:47+00:00","breadcrumb":{"@id":"https:\/\/blend.imm.medicina.ulisboa.pt\/hybrid-bodies-stencil-water-collors-andrew-carnie\/#breadcrumb"},"inLanguage":"pt-PT","potentialAction":[{"@type":"ReadAction","target":["https:\/\/blend.imm.medicina.ulisboa.pt\/hybrid-bodies-stencil-water-collors-andrew-carnie\/"]}]},{"@type":"BreadcrumbList","@id":"https:\/\/blend.imm.medicina.ulisboa.pt\/hybrid-bodies-stencil-water-collors-andrew-carnie\/#breadcrumb","itemListElement":[{"@type":"ListItem","position":1,"name":"Home","item":"https:\/\/blend.imm.medicina.ulisboa.pt\/"},{"@type":"ListItem","position":2,"name":"Hybrid bodies: Stencil Water Collors | Andrew Carnie"}]}]}},"_links":{"self":[{"href":"https:\/\/blend.imm.medicina.ulisboa.pt\/en\/wp-json\/wp\/v2\/pages\/34"}],"collection":[{"href":"https:\/\/blend.imm.medicina.ulisboa.pt\/en\/wp-json\/wp\/v2\/pages"}],"about":[{"href":"https:\/\/blend.imm.medicina.ulisboa.pt\/en\/wp-json\/wp\/v2\/types\/page"}],"author":[{"embeddable":true,"href":"https:\/\/blend.imm.medicina.ulisboa.pt\/en\/wp-json\/wp\/v2\/users\/13"}],"replies":[{"embeddable":true,"href":"https:\/\/blend.imm.medicina.ulisboa.pt\/en\/wp-json\/wp\/v2\/comments?post=34"}],"version-history":[{"count":19,"href":"https:\/\/blend.imm.medicina.ulisboa.pt\/en\/wp-json\/wp\/v2\/pages\/34\/revisions"}],"predecessor-version":[{"id":122,"href":"https:\/\/blend.imm.medicina.ulisboa.pt\/en\/wp-json\/wp\/v2\/pages\/34\/revisions\/122"}],"wp:attachment":[{"href":"https:\/\/blend.imm.medicina.ulisboa.pt\/en\/wp-json\/wp\/v2\/media?parent=34"}],"curies":[{"name":"wp","href":"https:\/\/api.w.org\/{rel}","templated":true}]}}