{"id":384,"date":"2023-11-08T11:44:52","date_gmt":"2023-11-08T11:44:52","guid":{"rendered":"https:\/\/blend.imm.medicina.ulisboa.pt\/?page_id=384"},"modified":"2023-11-09T09:19:09","modified_gmt":"2023-11-09T09:19:09","slug":"memory-catcher-jelena-maticic","status":"publish","type":"page","link":"https:\/\/blend.imm.medicina.ulisboa.pt\/memory-catcher-jelena-maticic\/","title":{"rendered":"Memory Catcher | Jelena Mati\u010di\u0107"},"content":{"rendered":"\n<p class=\"has-text-align-right has-text-color\" style=\"color:#504e4e;font-size:40px\"><strong>Memory Catcher<\/strong><\/p>\n\n\n\n<p class=\"has-text-align-right has-text-color\" style=\"color:#858484;font-size:30px\">Jelena Mati\u010di\u0107<\/p>\n\n\n\n<figure class=\"wp-block-image size-large\"><img loading=\"lazy\" width=\"1024\" height=\"643\" src=\"https:\/\/blend.imm.medicina.ulisboa.pt\/wp-content\/uploads\/sites\/30\/2023\/11\/Jelena-a-1024x643.jpg\" alt=\"\" class=\"wp-image-388\" srcset=\"https:\/\/blend.imm.medicina.ulisboa.pt\/wp-content\/uploads\/sites\/30\/2023\/11\/Jelena-a-1024x643.jpg 1024w, https:\/\/blend.imm.medicina.ulisboa.pt\/wp-content\/uploads\/sites\/30\/2023\/11\/Jelena-a-300x188.jpg 300w, https:\/\/blend.imm.medicina.ulisboa.pt\/wp-content\/uploads\/sites\/30\/2023\/11\/Jelena-a-768x482.jpg 768w, https:\/\/blend.imm.medicina.ulisboa.pt\/wp-content\/uploads\/sites\/30\/2023\/11\/Jelena-a-1536x965.jpg 1536w, https:\/\/blend.imm.medicina.ulisboa.pt\/wp-content\/uploads\/sites\/30\/2023\/11\/Jelena-a-2048x1286.jpg 2048w\" sizes=\"(max-width: 1024px) 100vw, 1024px\" \/><\/figure>\n\n\n\n<p><strong>PT\/\/<\/strong><\/p>\n\n\n\n<p>\u201cMemory Catcher\u201d [Espanta Mem\u00f3rias] \u00e9 uma instala\u00e7\u00e3o interativa inspirada na Escola de Ver\u00e3o da Cultivamos Cultura. Tem a inten\u00e7\u00e3o de captar e preservar o interc\u00e2mbio que decorreu entre experi\u00eancias, conhecimentos e pessoas.<\/p>\n\n\n\n<p>Atrav\u00e9s da t\u00e9cnica do crochet o ADN e\/ou os pertences pessoais dos participantes tornam-se parte do mesmo corpo, forjando a sua associa\u00e7\u00e3o e interliga\u00e7\u00e3o atrav\u00e9s desta mem\u00f3ria comum. Todos os anos esta instala\u00e7\u00e3o pode ser revisitada e expandida com a presen\u00e7a e mem\u00f3ria de novos participantes.<\/p>\n\n\n\n<p><strong>EN\/\/<\/strong><\/p>\n\n\n\n<p>&#8220;Memory Catcher&#8221; is an interactive installation inspired by Cultivamos Cultura&#8217;s Summer School. Its intention is to capture and preserve the exchange that took place between experiences, knowledge, and people.<\/p>\n\n\n\n<p>Through the crochet technique, the DNA and\/or personal belongings of the participants become part of the same body, forging their association and interconnection through this common memory. Every year this installation can be revisited and expanded with the presence and memory of new participants.<\/p>\n\n\n\n<div class=\"wp-block-columns\">\n<div class=\"wp-block-column\">\n<figure class=\"wp-block-image size-full\"><img loading=\"lazy\" width=\"960\" height=\"642\" src=\"https:\/\/blend.imm.medicina.ulisboa.pt\/wp-content\/uploads\/sites\/30\/2023\/11\/Jelena-c.jpg\" alt=\"\" class=\"wp-image-389\" srcset=\"https:\/\/blend.imm.medicina.ulisboa.pt\/wp-content\/uploads\/sites\/30\/2023\/11\/Jelena-c.jpg 960w, https:\/\/blend.imm.medicina.ulisboa.pt\/wp-content\/uploads\/sites\/30\/2023\/11\/Jelena-c-300x201.jpg 300w, https:\/\/blend.imm.medicina.ulisboa.pt\/wp-content\/uploads\/sites\/30\/2023\/11\/Jelena-c-768x514.jpg 768w\" sizes=\"(max-width: 960px) 100vw, 960px\" \/><\/figure>\n<\/div>\n\n\n\n<div class=\"wp-block-column is-vertically-aligned-center\">\n<figure class=\"wp-block-image size-large\"><img loading=\"lazy\" width=\"1024\" height=\"576\" src=\"https:\/\/blend.imm.medicina.ulisboa.pt\/wp-content\/uploads\/sites\/30\/2023\/11\/Jelena-b-1024x576.jpg\" alt=\"\" class=\"wp-image-390\" srcset=\"https:\/\/blend.imm.medicina.ulisboa.pt\/wp-content\/uploads\/sites\/30\/2023\/11\/Jelena-b-1024x576.jpg 1024w, https:\/\/blend.imm.medicina.ulisboa.pt\/wp-content\/uploads\/sites\/30\/2023\/11\/Jelena-b-300x169.jpg 300w, https:\/\/blend.imm.medicina.ulisboa.pt\/wp-content\/uploads\/sites\/30\/2023\/11\/Jelena-b-768x432.jpg 768w, https:\/\/blend.imm.medicina.ulisboa.pt\/wp-content\/uploads\/sites\/30\/2023\/11\/Jelena-b-1536x864.jpg 1536w, https:\/\/blend.imm.medicina.ulisboa.pt\/wp-content\/uploads\/sites\/30\/2023\/11\/Jelena-b-2048x1152.jpg 2048w\" sizes=\"(max-width: 1024px) 100vw, 1024px\" \/><\/figure>\n<\/div>\n<\/div>\n\n\n\n<hr class=\"wp-block-separator is-style-wide\"\/>\n\n\n\n<p class=\"has-text-color\" style=\"color:#858484;font-size:30px\"><strong>BIO<\/strong><\/p>\n\n\n\n<p><strong>PT\/\/<\/strong><\/p>\n\n\n\n<p>Jelena Mati\u010di\u0107 (Karlovac, Cro\u00e1cia, 1989) estudou Etnologia, Antropologia da Cultura, Estudos Museol\u00f3gicos e Gest\u00e3o de Patrim\u00f3nio na Faculdade de Humanidades e Ci\u00eancias Sociais em Zagreb. Trabalha na Kontejner desde 2013, como produtora e rela\u00e7\u00f5es p\u00fablicas. O seu primeiro projeto com a Kontejner foram os festivais Device art 4.012 (Zagreb, 2012) e depois o Extravagant bodies: Extravagant age (Zagreb, 2013).<\/p>\n\n\n\n<p><strong>EN\/\/<\/strong><\/p>\n\n\n\n<p>Jelena Mati\u010di\u0107 (Karlovac, Croatia, b. 1989.) studied Etnology and Cultural Anthropology and Museum studies and Heritage Menagement at Faculty of Humanities and Social Studies in Zagreb. She is employed in Kontejner since 2013 as a producer and PR. First project with Kontejner was Device_art 4.012 (Zagreb, 2012) and after that Extravagant bodies: Extravagant age (Zagreb, 2013).<\/p>\n","protected":false},"excerpt":{"rendered":"<p>Memory Catcher Jelena Mati\u010di\u0107 PT\/\/ \u201cMemory Catcher\u201d [Espanta Mem\u00f3rias] \u00e9 uma instala\u00e7\u00e3o interativa inspirada na Escola de Ver\u00e3o da Cultivamos Cultura. Tem a inten\u00e7\u00e3o de captar e preservar o interc\u00e2mbio que decorreu entre experi\u00eancias, conhecimentos e pessoas. Atrav\u00e9s da t\u00e9cnica do crochet o ADN e\/ou os pertences pessoais dos participantes tornam-se parte do mesmo corpo, &hellip; <a href=\"https:\/\/blend.imm.medicina.ulisboa.pt\/memory-catcher-jelena-maticic\/\">Continued<\/a><\/p>\n","protected":false},"author":13,"featured_media":0,"parent":0,"menu_order":0,"comment_status":"closed","ping_status":"closed","template":"views\/template-900.blade.php","meta":[],"yoast_head":"<!-- This site is optimized with the Yoast SEO plugin v17.4 - https:\/\/yoast.com\/wordpress\/plugins\/seo\/ -->\n<title>Memory Catcher | Jelena Mati\u010di\u0107 - Blend<\/title>\n<meta name=\"robots\" content=\"index, follow, max-snippet:-1, max-image-preview:large, max-video-preview:-1\" \/>\n<link rel=\"canonical\" href=\"https:\/\/blend.imm.medicina.ulisboa.pt\/memory-catcher-jelena-maticic\/\" \/>\n<meta property=\"og:locale\" content=\"pt_PT\" \/>\n<meta property=\"og:type\" content=\"article\" \/>\n<meta property=\"og:title\" content=\"Memory Catcher | Jelena Mati\u010di\u0107 - Blend\" \/>\n<meta property=\"og:description\" content=\"Memory Catcher Jelena Mati\u010di\u0107 PT\/\/ \u201cMemory Catcher\u201d [Espanta Mem\u00f3rias] \u00e9 uma instala\u00e7\u00e3o interativa inspirada na Escola de Ver\u00e3o da Cultivamos Cultura. Tem a inten\u00e7\u00e3o de captar e preservar o interc\u00e2mbio que decorreu entre experi\u00eancias, conhecimentos e pessoas. Atrav\u00e9s da t\u00e9cnica do crochet o ADN e\/ou os pertences pessoais dos participantes tornam-se parte do mesmo corpo, &hellip; Continued\" \/>\n<meta property=\"og:url\" content=\"https:\/\/blend.imm.medicina.ulisboa.pt\/memory-catcher-jelena-maticic\/\" \/>\n<meta property=\"og:site_name\" content=\"Blend\" \/>\n<meta property=\"article:modified_time\" content=\"2023-11-09T09:19:09+00:00\" \/>\n<meta property=\"og:image\" content=\"https:\/\/blend.imm.medicina.ulisboa.pt\/wp-content\/uploads\/sites\/30\/2023\/11\/Jelena-a-1024x643.jpg\" \/>\n<meta name=\"twitter:card\" content=\"summary_large_image\" \/>\n<meta name=\"twitter:label1\" content=\"Tempo estimado de leitura\" \/>\n\t<meta name=\"twitter:data1\" content=\"2 minutos\" \/>\n<script type=\"application\/ld+json\" class=\"yoast-schema-graph\">{\"@context\":\"https:\/\/schema.org\",\"@graph\":[{\"@type\":\"WebSite\",\"@id\":\"https:\/\/blend.imm.medicina.ulisboa.pt\/en\/#website\",\"url\":\"https:\/\/blend.imm.medicina.ulisboa.pt\/en\/\",\"name\":\"Blend\",\"description\":\"Arte contempor\\u00e2nea em di\\u00e1logo com medicina e ci\\u00eancia\",\"potentialAction\":[{\"@type\":\"SearchAction\",\"target\":{\"@type\":\"EntryPoint\",\"urlTemplate\":\"https:\/\/blend.imm.medicina.ulisboa.pt\/en\/?s={search_term_string}\"},\"query-input\":\"required name=search_term_string\"}],\"inLanguage\":\"pt-PT\"},{\"@type\":\"ImageObject\",\"@id\":\"https:\/\/blend.imm.medicina.ulisboa.pt\/memory-catcher-jelena-maticic\/#primaryimage\",\"inLanguage\":\"pt-PT\",\"url\":\"https:\/\/blend.imm.medicina.ulisboa.pt\/wp-content\/uploads\/sites\/30\/2023\/11\/Jelena-a-scaled.jpg\",\"contentUrl\":\"https:\/\/blend.imm.medicina.ulisboa.pt\/wp-content\/uploads\/sites\/30\/2023\/11\/Jelena-a-scaled.jpg\",\"width\":2560,\"height\":1608},{\"@type\":\"WebPage\",\"@id\":\"https:\/\/blend.imm.medicina.ulisboa.pt\/memory-catcher-jelena-maticic\/#webpage\",\"url\":\"https:\/\/blend.imm.medicina.ulisboa.pt\/memory-catcher-jelena-maticic\/\",\"name\":\"Memory Catcher | Jelena Mati\\u010di\\u0107 - Blend\",\"isPartOf\":{\"@id\":\"https:\/\/blend.imm.medicina.ulisboa.pt\/en\/#website\"},\"primaryImageOfPage\":{\"@id\":\"https:\/\/blend.imm.medicina.ulisboa.pt\/memory-catcher-jelena-maticic\/#primaryimage\"},\"datePublished\":\"2023-11-08T11:44:52+00:00\",\"dateModified\":\"2023-11-09T09:19:09+00:00\",\"breadcrumb\":{\"@id\":\"https:\/\/blend.imm.medicina.ulisboa.pt\/memory-catcher-jelena-maticic\/#breadcrumb\"},\"inLanguage\":\"pt-PT\",\"potentialAction\":[{\"@type\":\"ReadAction\",\"target\":[\"https:\/\/blend.imm.medicina.ulisboa.pt\/memory-catcher-jelena-maticic\/\"]}]},{\"@type\":\"BreadcrumbList\",\"@id\":\"https:\/\/blend.imm.medicina.ulisboa.pt\/memory-catcher-jelena-maticic\/#breadcrumb\",\"itemListElement\":[{\"@type\":\"ListItem\",\"position\":1,\"name\":\"Home\",\"item\":\"https:\/\/blend.imm.medicina.ulisboa.pt\/\"},{\"@type\":\"ListItem\",\"position\":2,\"name\":\"Memory Catcher | Jelena Mati\\u010di\\u0107\"}]}]}<\/script>\n<!-- \/ Yoast SEO plugin. -->","yoast_head_json":{"title":"Memory Catcher | Jelena Mati\u010di\u0107 - Blend","robots":{"index":"index","follow":"follow","max-snippet":"max-snippet:-1","max-image-preview":"max-image-preview:large","max-video-preview":"max-video-preview:-1"},"canonical":"https:\/\/blend.imm.medicina.ulisboa.pt\/memory-catcher-jelena-maticic\/","og_locale":"pt_PT","og_type":"article","og_title":"Memory Catcher | Jelena Mati\u010di\u0107 - Blend","og_description":"Memory Catcher Jelena Mati\u010di\u0107 PT\/\/ \u201cMemory Catcher\u201d [Espanta Mem\u00f3rias] \u00e9 uma instala\u00e7\u00e3o interativa inspirada na Escola de Ver\u00e3o da Cultivamos Cultura. Tem a inten\u00e7\u00e3o de captar e preservar o interc\u00e2mbio que decorreu entre experi\u00eancias, conhecimentos e pessoas. Atrav\u00e9s da t\u00e9cnica do crochet o ADN e\/ou os pertences pessoais dos participantes tornam-se parte do mesmo corpo, &hellip; Continued","og_url":"https:\/\/blend.imm.medicina.ulisboa.pt\/memory-catcher-jelena-maticic\/","og_site_name":"Blend","article_modified_time":"2023-11-09T09:19:09+00:00","og_image":[{"url":"https:\/\/blend.imm.medicina.ulisboa.pt\/wp-content\/uploads\/sites\/30\/2023\/11\/Jelena-a-1024x643.jpg"}],"twitter_card":"summary_large_image","twitter_misc":{"Tempo estimado de leitura":"2 minutos"},"schema":{"@context":"https:\/\/schema.org","@graph":[{"@type":"WebSite","@id":"https:\/\/blend.imm.medicina.ulisboa.pt\/en\/#website","url":"https:\/\/blend.imm.medicina.ulisboa.pt\/en\/","name":"Blend","description":"Arte contempor\u00e2nea em di\u00e1logo com medicina e ci\u00eancia","potentialAction":[{"@type":"SearchAction","target":{"@type":"EntryPoint","urlTemplate":"https:\/\/blend.imm.medicina.ulisboa.pt\/en\/?s={search_term_string}"},"query-input":"required name=search_term_string"}],"inLanguage":"pt-PT"},{"@type":"ImageObject","@id":"https:\/\/blend.imm.medicina.ulisboa.pt\/memory-catcher-jelena-maticic\/#primaryimage","inLanguage":"pt-PT","url":"https:\/\/blend.imm.medicina.ulisboa.pt\/wp-content\/uploads\/sites\/30\/2023\/11\/Jelena-a-scaled.jpg","contentUrl":"https:\/\/blend.imm.medicina.ulisboa.pt\/wp-content\/uploads\/sites\/30\/2023\/11\/Jelena-a-scaled.jpg","width":2560,"height":1608},{"@type":"WebPage","@id":"https:\/\/blend.imm.medicina.ulisboa.pt\/memory-catcher-jelena-maticic\/#webpage","url":"https:\/\/blend.imm.medicina.ulisboa.pt\/memory-catcher-jelena-maticic\/","name":"Memory Catcher | Jelena Mati\u010di\u0107 - Blend","isPartOf":{"@id":"https:\/\/blend.imm.medicina.ulisboa.pt\/en\/#website"},"primaryImageOfPage":{"@id":"https:\/\/blend.imm.medicina.ulisboa.pt\/memory-catcher-jelena-maticic\/#primaryimage"},"datePublished":"2023-11-08T11:44:52+00:00","dateModified":"2023-11-09T09:19:09+00:00","breadcrumb":{"@id":"https:\/\/blend.imm.medicina.ulisboa.pt\/memory-catcher-jelena-maticic\/#breadcrumb"},"inLanguage":"pt-PT","potentialAction":[{"@type":"ReadAction","target":["https:\/\/blend.imm.medicina.ulisboa.pt\/memory-catcher-jelena-maticic\/"]}]},{"@type":"BreadcrumbList","@id":"https:\/\/blend.imm.medicina.ulisboa.pt\/memory-catcher-jelena-maticic\/#breadcrumb","itemListElement":[{"@type":"ListItem","position":1,"name":"Home","item":"https:\/\/blend.imm.medicina.ulisboa.pt\/"},{"@type":"ListItem","position":2,"name":"Memory Catcher | Jelena Mati\u010di\u0107"}]}]}},"_links":{"self":[{"href":"https:\/\/blend.imm.medicina.ulisboa.pt\/en\/wp-json\/wp\/v2\/pages\/384"}],"collection":[{"href":"https:\/\/blend.imm.medicina.ulisboa.pt\/en\/wp-json\/wp\/v2\/pages"}],"about":[{"href":"https:\/\/blend.imm.medicina.ulisboa.pt\/en\/wp-json\/wp\/v2\/types\/page"}],"author":[{"embeddable":true,"href":"https:\/\/blend.imm.medicina.ulisboa.pt\/en\/wp-json\/wp\/v2\/users\/13"}],"replies":[{"embeddable":true,"href":"https:\/\/blend.imm.medicina.ulisboa.pt\/en\/wp-json\/wp\/v2\/comments?post=384"}],"version-history":[{"count":3,"href":"https:\/\/blend.imm.medicina.ulisboa.pt\/en\/wp-json\/wp\/v2\/pages\/384\/revisions"}],"predecessor-version":[{"id":402,"href":"https:\/\/blend.imm.medicina.ulisboa.pt\/en\/wp-json\/wp\/v2\/pages\/384\/revisions\/402"}],"wp:attachment":[{"href":"https:\/\/blend.imm.medicina.ulisboa.pt\/en\/wp-json\/wp\/v2\/media?parent=384"}],"curies":[{"name":"wp","href":"https:\/\/api.w.org\/{rel}","templated":true}]}}