{"id":9,"date":"2022-04-19T13:14:19","date_gmt":"2022-04-19T13:14:19","guid":{"rendered":"https:\/\/blend.imm.medicina.ulisboa.pt\/?page_id=9"},"modified":"2024-01-22T11:13:16","modified_gmt":"2024-01-22T11:13:16","slug":"agenda","status":"publish","type":"page","link":"https:\/\/blend.imm.medicina.ulisboa.pt\/agenda\/","title":{"rendered":"Agenda"},"content":{"rendered":"\n<p class=\"has-text-align-right has-text-color\" style=\"color:#504e4e;font-size:50px\"><strong>Agenda<\/strong><\/p>\n\n\n\n<hr class=\"wp-block-separator has-text-color has-background has-cyan-bluish-gray-background-color has-cyan-bluish-gray-color is-style-wide\"\/>\n\n\n\n<p class=\"has-text-align-center\" style=\"font-size:40px\"><strong>Art &amp; Science Talks e LASER Talks<\/strong><\/p>\n\n\n\n<div class=\"wp-block-columns\">\n<div class=\"wp-block-column\">\n<p class=\"has-text-align-left has-text-color\" style=\"color:#fab90b;font-size:25px\"><strong>29 abril 2022 | 17h<\/strong><\/p>\n\n\n\n<p><span style=\"text-decoration: underline;\"><strong>Art &amp; Science Talks<\/strong><\/span><br>Apresenta\u00e7\u00e3o com Marta de Menezes e Lu\u00eds Gra\u00e7a.<br>Hosting In\u00eas Domingues <a href=\"https:\/\/imm.medicina.ulisboa.pt\/pt-pt\/\" target=\"_blank\" rel=\"noreferrer noopener\">(Instituto de Medicina Molecular Jo\u00e3o Lobo Antunes)<\/a> e Joana Sousa <a href=\"https:\/\/www.medicina.ulisboa.pt\/\" target=\"_blank\" rel=\"noreferrer noopener\">(Faculdade de Medicina da Universidade de Lisboa)<\/a>.<br><br><span style=\"text-decoration: underline;\">Local:<\/span> Edif\u00edcio Egas Moniz &#8211; Grande Audit\u00f3rio Jo\u00e3o Lobo Antunes. <a href=\"https:\/\/g.page\/immolecular?share\" target=\"_blank\" rel=\"noreferrer noopener\">Ver mapa<\/a> <\/p>\n<\/div>\n<\/div>\n\n\n\n<div class=\"wp-block-columns\">\n<div class=\"wp-block-column\">\n<p class=\"has-text-align-left has-text-color\" style=\"color:#fab90b;font-size:25px\"><strong>14 julho 2022<\/strong><\/p>\n\n\n\n<p><span style=\"text-decoration: underline;\"><strong>Laser Talk<\/strong><\/span><br>Maro Pebo e Lu\u00eds Gra\u00e7a, hosting por Marta de Menezes.<br><br><span style=\"text-decoration: underline;\">Title:<\/span> &#8220;Self as other&#8221; &#8220;O pr\u00f3prio como outro&#8221;<br><br><span style=\"text-decoration: underline;\">Local:<\/span> Edif\u00edcio Egas Moniz &#8211; Piso 0 &#8211; Audit\u00f3rio 52. <a href=\"https:\/\/g.page\/immolecular?share\" target=\"_blank\" rel=\"noreferrer noopener\">Ver mapa<\/a><\/p>\n<\/div>\n\n\n\n<div class=\"wp-block-column\">\n<p class=\"has-text-align-left has-text-color\" style=\"color:#fab90b;font-size:25px\"><strong>12 setembro<\/strong> <strong>2022<\/strong><\/p>\n\n\n\n<p><strong><span style=\"text-decoration: underline;\">Laser Talk<\/span><\/strong><br>Marta de Menezes, Dalila Honorato, Maria Mota, Joana Magalh\u00e3es, Cristin Millett and Cynthia White.<\/p>\n\n\n\n<p>More information <a href=\"https:\/\/blend.imm.medicina.ulisboa.pt\/seminar-series\/laser-talks\/\">here<\/a>.<br><br><span style=\"text-decoration: underline;\">Local:<\/span> Edif\u00edcio Egas Moniz &#8211; Piso 0 &#8211; Audit\u00f3rio 52. <a href=\"https:\/\/g.page\/immolecular?share\" target=\"_blank\" rel=\"noreferrer noopener\">Ver mapa<\/a><\/p>\n<\/div>\n<\/div>\n\n\n\n<div class=\"wp-block-columns\">\n<div class=\"wp-block-column\">\n<p class=\"has-text-align-left has-text-color\" style=\"color:#fab90b;font-size:25px\"><strong>17 novembro 2022<\/strong><\/p>\n\n\n\n<p><span style=\"text-decoration: underline;\"><strong>Art &amp; Science Talks<\/strong><\/span><br>Maria Manuela Lopes e J\u00falio Borlido Santos<br><br>More information <a href=\"https:\/\/blend.imm.medicina.ulisboa.pt\/seminar-series\/art-science-talks\/\">here<\/a>.<br><br><span style=\"text-decoration: underline;\">Local:<\/span> Edif\u00edcio Egas Moniz &#8211; Piso 0 &#8211; Audit\u00f3rio 52. <a href=\"https:\/\/g.page\/immolecular?share\" target=\"_blank\" rel=\"noreferrer noopener\">Ver mapa<\/a>  <\/p>\n<\/div>\n\n\n\n<div class=\"wp-block-column\">\n<p class=\"has-text-align-left has-text-color\" style=\"color:#fab90b;font-size:25px\"><strong>18 janeiro 2023<\/strong> <strong>| 17h<\/strong><\/p>\n\n\n\n<p><span style=\"text-decoration: underline;\"><strong>Art &amp; Science Talks<\/strong><\/span><br>S\u00e9rgio Eliseu e Br\u00edgida Riso<br><span style=\"text-decoration: underline;\">Title:<\/span> &#8220;Digital Twin&#8221;<br><br>More information <a href=\"https:\/\/blend.imm.medicina.ulisboa.pt\/seminar-series\/art-science-talks\/\">here<\/a>.<br><br><span style=\"text-decoration: underline;\">Local:<\/span> Edif\u00edcio Egas Moniz &#8211; Piso 0 &#8211; Audit\u00f3rio 52. <a href=\"https:\/\/g.page\/immolecular?share\" target=\"_blank\" rel=\"noreferrer noopener\">Ver mapa<\/a> <\/p>\n<\/div>\n<\/div>\n\n\n\n<div class=\"wp-block-columns\">\n<div class=\"wp-block-column\">\n<p class=\"has-text-align-left has-text-color\" style=\"color:#fab90b;font-size:25px\"><strong>09 mar\u00e7o 2023<\/strong><\/p>\n\n\n\n<p><span style=\"text-decoration: underline;\"><strong>Art &amp; Science Talks<\/strong><\/span><br>Catarina Pombo Nabais<br><br>More information <a href=\"https:\/\/blend.imm.medicina.ulisboa.pt\/seminar-series\/art-science-talks\/\">here<\/a>.<br><br><span style=\"text-decoration: underline;\">Local:<\/span> Edif\u00edcio Egas Moniz &#8211; Piso 0 &#8211; Audit\u00f3rio 52. <a href=\"https:\/\/g.page\/immolecular?share\" target=\"_blank\" rel=\"noreferrer noopener\">Ver mapa<\/a>  <\/p>\n<\/div>\n\n\n\n<div class=\"wp-block-column\">\n<p class=\"has-text-align-left has-text-color\" style=\"color:#fab90b;font-size:25px\"><strong>29 junho<\/strong> <strong>2023<\/strong><\/p>\n\n\n\n<p><strong><span style=\"text-decoration: underline;\">Laser Talk<\/span><\/strong> <strong>&#8211; 15h30<\/strong><br>Nigel Helyer<br><span style=\"text-decoration: underline;\">Title:<\/span> &#8220;Imaginary Beings; three characters walk into the Bar LUCA\u2026&#8221;<\/p>\n\n\n\n<p>More information <a href=\"https:\/\/blend.imm.medicina.ulisboa.pt\/seminar-series\/laser-talks\/\">here<\/a>.<br><br><span style=\"text-decoration: underline;\">Local:<\/span> Edif\u00edcio Egas Moniz &#8211; Piso 0 &#8211; Audit\u00f3rio 52. <a href=\"https:\/\/g.page\/immolecular?share\" target=\"_blank\" rel=\"noreferrer noopener\">Ver mapa<\/a><\/p>\n<\/div>\n<\/div>\n\n\n\n<div class=\"wp-block-columns\">\n<div class=\"wp-block-column\">\n<p class=\"has-text-align-left has-text-color\" style=\"color:#fab90b;font-size:25px\"><strong><strong>02 fevereiro 2024<\/strong><\/strong><\/p>\n\n\n\n<p><span style=\"text-decoration: underline;\"><strong>Laser Talk<\/strong><\/span><br>Oron Catts<br><br>More information <a href=\"https:\/\/blend.imm.medicina.ulisboa.pt\/seminar-series\/laser-talks\/\">here<\/a>.<br><br><span style=\"text-decoration: underline;\">Local:<\/span> Edif\u00edcio Egas Moniz &#8211; Piso -1 &#8211; Audit\u00f3rio 58. <a href=\"https:\/\/g.page\/immolecular?share\" target=\"_blank\" rel=\"noreferrer noopener\">Ver mapa<\/a>  <\/p>\n<\/div>\n\n\n\n<div class=\"wp-block-column\">\n<p class=\"has-text-align-left has-text-color\" style=\"color:#fab90b;font-size:25px\"><\/p>\n\n\n\n<p><\/p>\n\n\n\n<p><\/p>\n<\/div>\n<\/div>\n\n\n\n<hr class=\"wp-block-separator has-text-color has-background has-cyan-bluish-gray-background-color has-cyan-bluish-gray-color is-style-wide\"\/>\n\n\n\n<p class=\"has-text-align-center\" style=\"font-size:40px\"><strong>Exposi\u00e7\u00f5es<\/strong><\/p>\n\n\n\n<p class=\"has-text-color\" style=\"color:#fab90b;font-size:30px\"><strong>29 abril &#8211; 19 maio<\/strong> <strong>2022<\/strong><\/p>\n\n\n\n<div class=\"wp-block-columns\">\n<div class=\"wp-block-column\">\n<p><span style=\"text-decoration: underline;\"><strong>Andrew Carnie<\/strong><\/span><br><a href=\"https:\/\/blend.imm.medicina.ulisboa.pt\/hybrid-bodies-stencil-water-collors-andrew-carnie\/\">Hybrid bodies: Stencil Water Collors<\/a><\/p>\n<\/div>\n\n\n\n<div class=\"wp-block-column\">\n<p><strong><span style=\"text-decoration: underline;\">Marta de Menezes<\/span><\/strong><br><a href=\"https:\/\/blend.imm.medicina.ulisboa.pt\/anti-marta-marta-de-menezes\/\">Anti-Marta<\/a><\/p>\n<\/div>\n<\/div>\n\n\n\n<p class=\"has-text-align-left\"> <span style=\"text-decoration: underline;\">Local:<\/span> Edif\u00edcio Egas Moniz &#8211; Piso 0. <a href=\"https:\/\/g.page\/immolecular?share\" target=\"_blank\" rel=\"noreferrer noopener\">Ver mapa<\/a> <\/p>\n\n\n\n<p class=\"has-text-color\" style=\"color:#fab90b;font-size:30px\"><strong>23 junho<\/strong> <strong>2022<\/strong><\/p>\n\n\n\n<div class=\"wp-block-columns\">\n<div class=\"wp-block-column\">\n<p><span style=\"text-decoration: underline;\"><strong>Marta de Menezes, Hege Tapio e Mark Lipton<\/strong><\/span><br><a href=\"https:\/\/blend.imm.medicina.ulisboa.pt\/black-gold-marta-de-menezes-hege-tapio-mark-lipton\/\">Black Gold<\/a><\/p>\n<\/div>\n\n\n\n<div class=\"wp-block-column\">\n<p><strong><span style=\"text-decoration: underline;\">Paul Vanouse<\/span><\/strong><br><a href=\"https:\/\/blend.imm.medicina.ulisboa.pt\/labor-paul-vanousse\/\">Labor<\/a><\/p>\n<\/div>\n<\/div>\n\n\n\n<p><span style=\"text-decoration: underline;\">Local:<\/span> Edif\u00edcio Egas Moniz &#8211; Piso 0. <a href=\"https:\/\/g.page\/immolecular?share\" target=\"_blank\" rel=\"noreferrer noopener\">Ver mapa<\/a><\/p>\n\n\n\n<p class=\"has-text-color\" style=\"color:#fab90b;font-size:30px\"><strong>12 setembro<\/strong> <strong>&#8211; 8 novembro<\/strong> <strong>2022<\/strong><\/p>\n\n\n\n<div class=\"wp-block-columns\">\n<div class=\"wp-block-column\">\n<p><span style=\"text-decoration: underline;\"><strong>Jennifer WIllet<\/strong><\/span><br><a href=\"https:\/\/blend.imm.medicina.ulisboa.pt\/natural-science-owl-night-light-jennifer-willet\/\">NATURAL SCIENCE: Owl Night Light<\/a><\/p>\n<\/div>\n\n\n\n<div class=\"wp-block-column\">\n<p><\/p>\n<\/div>\n<\/div>\n\n\n\n<p class=\"has-text-color\" style=\"color:#fab90b;font-size:30px\"><strong>9 novembro<\/strong> <strong>2022<\/strong><\/p>\n\n\n\n<div class=\"wp-block-columns\">\n<div class=\"wp-block-column\">\n<p><span style=\"text-decoration: underline;\"><strong>Ant\u00f3nio Caramelo<\/strong><\/span><br><a href=\"https:\/\/blend.imm.medicina.ulisboa.pt\/shade-shadows-antonio-caramelo\/\">Shade Shadows<\/a><\/p>\n<\/div>\n\n\n\n<div class=\"wp-block-column\">\n<p><strong><span style=\"text-decoration: underline;\">Kira O\u2019Reilly<\/span><\/strong><br><a href=\"https:\/\/blend.imm.medicina.ulisboa.pt\/copper-bodies-re-activating-the-archive-kira-oreilly\/\">Copper Bodies: Re-activating the archive<\/a><\/p>\n<\/div>\n<\/div>\n\n\n\n<p class=\"has-text-color\" style=\"color:#fab90b;font-size:30px\"><strong>18 janeiro 2023<\/strong><\/p>\n\n\n\n<div class=\"wp-block-columns\">\n<div class=\"wp-block-column\">\n<p><span style=\"text-decoration: underline;\"><strong>S\u00e9rgio Eliseu<\/strong><\/span><br><a href=\"https:\/\/blend.imm.medicina.ulisboa.pt\/digital-twin-sergio-eliseu\/\">Digital Twin<\/a><\/p>\n<\/div>\n\n\n\n<div class=\"wp-block-column\"><\/div>\n<\/div>\n\n\n\n<p class=\"has-text-color\" style=\"color:#fab90b;font-size:30px\"><strong>9 Mar\u00e7o 2023<\/strong><\/p>\n\n\n\n<div class=\"wp-block-columns\">\n<div class=\"wp-block-column\">\n<p><span style=\"text-decoration: underline;\"><strong>Sa\u0161a Spa\u010dal<\/strong><\/span><br><a href=\"https:\/\/blend.imm.medicina.ulisboa.pt\/technium-of-care-sasa-spacal\/\">Technium of Care<\/a><\/p>\n<\/div>\n\n\n\n<div class=\"wp-block-column\"><\/div>\n<\/div>\n\n\n\n<p class=\"has-text-color\" style=\"color:#fab90b;font-size:30px\"><strong>18 Maio 2023<\/strong><\/p>\n\n\n\n<div class=\"wp-block-columns\">\n<div class=\"wp-block-column\">\n<p><span style=\"text-decoration: underline;\"><strong>M\u00f3nica Garcia<\/strong><\/span><br><a href=\"https:\/\/blend.imm.medicina.ulisboa.pt\/no-no-sol-monica-garcia\/\">N\u00f3 no Sol<\/a><\/p>\n<\/div>\n\n\n\n<div class=\"wp-block-column\"><\/div>\n<\/div>\n\n\n\n<p class=\"has-text-color\" style=\"color:#fab90b;font-size:30px\"><strong>29 Junho 2023<\/strong><\/p>\n\n\n\n<div class=\"wp-block-columns\">\n<div class=\"wp-block-column\">\n<p><span style=\"text-decoration: underline;\"><strong>Nigel Helyer<\/strong><\/span><br><a href=\"https:\/\/blend.imm.medicina.ulisboa.pt\/genemusik-nigel-helyer\/\">GeneMusiK<\/a><\/p>\n<\/div>\n\n\n\n<div class=\"wp-block-column\">\n<p><span style=\"text-decoration: underline;\"><strong>Diana Mordido Aires<\/strong><\/span><br><a href=\"https:\/\/blend.imm.medicina.ulisboa.pt\/na-pele-diana-mordido-aires\/\">Na pele<\/a><\/p>\n<\/div>\n<\/div>\n\n\n\n<p class=\"has-text-color\" style=\"color:#fab90b;font-size:30px\"><strong>31 Outubro 2023<\/strong><\/p>\n\n\n\n<div class=\"wp-block-columns\">\n<div class=\"wp-block-column\">\n<p><span style=\"text-decoration: underline;\"><strong>Sally Santiago<\/strong><\/span><br><a href=\"https:\/\/blend.imm.medicina.ulisboa.pt\/a-divina-psique-sally-santiago\/\">A Divina Psique<\/a><\/p>\n<\/div>\n\n\n\n<div class=\"wp-block-column\">\n<p><strong><span style=\"text-decoration: underline;\">Jelena Mati\u010di\u0107<\/span><\/strong><br><a href=\"https:\/\/blend.imm.medicina.ulisboa.pt\/memory-catcher-jelena-maticic\/\">Memory Catcher<\/a><\/p>\n<\/div>\n<\/div>\n","protected":false},"excerpt":{"rendered":"<p>Agenda Art &amp; Science Talks e LASER Talks 29 abril 2022 | 17h Art &amp; Science TalksApresenta\u00e7\u00e3o com Marta de Menezes e Lu\u00eds Gra\u00e7a.Hosting In\u00eas Domingues (Instituto de Medicina Molecular Jo\u00e3o Lobo Antunes) e Joana Sousa (Faculdade de Medicina da Universidade de Lisboa). Local: Edif\u00edcio Egas Moniz &#8211; Grande Audit\u00f3rio Jo\u00e3o Lobo Antunes. Ver mapa &hellip; <a href=\"https:\/\/blend.imm.medicina.ulisboa.pt\/agenda\/\">Continued<\/a><\/p>\n","protected":false},"author":13,"featured_media":0,"parent":0,"menu_order":0,"comment_status":"closed","ping_status":"closed","template":"views\/template-900.blade.php","meta":[],"yoast_head":"<!-- This site is optimized with the Yoast SEO plugin v17.4 - https:\/\/yoast.com\/wordpress\/plugins\/seo\/ -->\n<title>Agenda - Blend<\/title>\n<meta name=\"robots\" content=\"index, follow, max-snippet:-1, max-image-preview:large, max-video-preview:-1\" \/>\n<link rel=\"canonical\" href=\"https:\/\/blend.imm.medicina.ulisboa.pt\/agenda\/\" \/>\n<meta property=\"og:locale\" content=\"pt_PT\" \/>\n<meta property=\"og:type\" content=\"article\" \/>\n<meta property=\"og:title\" content=\"Agenda - Blend\" \/>\n<meta property=\"og:description\" content=\"Agenda Art &amp; Science Talks e LASER Talks 29 abril 2022 | 17h Art &amp; Science TalksApresenta\u00e7\u00e3o com Marta de Menezes e Lu\u00eds Gra\u00e7a.Hosting In\u00eas Domingues (Instituto de Medicina Molecular Jo\u00e3o Lobo Antunes) e Joana Sousa (Faculdade de Medicina da Universidade de Lisboa). Local: Edif\u00edcio Egas Moniz &#8211; Grande Audit\u00f3rio Jo\u00e3o Lobo Antunes. Ver mapa &hellip; Continued\" \/>\n<meta property=\"og:url\" content=\"https:\/\/blend.imm.medicina.ulisboa.pt\/agenda\/\" \/>\n<meta property=\"og:site_name\" content=\"Blend\" \/>\n<meta property=\"article:modified_time\" content=\"2024-01-22T11:13:16+00:00\" \/>\n<meta name=\"twitter:card\" content=\"summary_large_image\" \/>\n<meta name=\"twitter:label1\" content=\"Tempo estimado de leitura\" \/>\n\t<meta name=\"twitter:data1\" content=\"2 minutos\" \/>\n<script type=\"application\/ld+json\" class=\"yoast-schema-graph\">{\"@context\":\"https:\/\/schema.org\",\"@graph\":[{\"@type\":\"WebSite\",\"@id\":\"https:\/\/blend.imm.medicina.ulisboa.pt\/en\/#website\",\"url\":\"https:\/\/blend.imm.medicina.ulisboa.pt\/en\/\",\"name\":\"Blend\",\"description\":\"Arte contempor\\u00e2nea em di\\u00e1logo com medicina e ci\\u00eancia\",\"potentialAction\":[{\"@type\":\"SearchAction\",\"target\":{\"@type\":\"EntryPoint\",\"urlTemplate\":\"https:\/\/blend.imm.medicina.ulisboa.pt\/en\/?s={search_term_string}\"},\"query-input\":\"required name=search_term_string\"}],\"inLanguage\":\"pt-PT\"},{\"@type\":\"WebPage\",\"@id\":\"https:\/\/blend.imm.medicina.ulisboa.pt\/agenda\/#webpage\",\"url\":\"https:\/\/blend.imm.medicina.ulisboa.pt\/agenda\/\",\"name\":\"Agenda - Blend\",\"isPartOf\":{\"@id\":\"https:\/\/blend.imm.medicina.ulisboa.pt\/en\/#website\"},\"datePublished\":\"2022-04-19T13:14:19+00:00\",\"dateModified\":\"2024-01-22T11:13:16+00:00\",\"breadcrumb\":{\"@id\":\"https:\/\/blend.imm.medicina.ulisboa.pt\/agenda\/#breadcrumb\"},\"inLanguage\":\"pt-PT\",\"potentialAction\":[{\"@type\":\"ReadAction\",\"target\":[\"https:\/\/blend.imm.medicina.ulisboa.pt\/agenda\/\"]}]},{\"@type\":\"BreadcrumbList\",\"@id\":\"https:\/\/blend.imm.medicina.ulisboa.pt\/agenda\/#breadcrumb\",\"itemListElement\":[{\"@type\":\"ListItem\",\"position\":1,\"name\":\"Home\",\"item\":\"https:\/\/blend.imm.medicina.ulisboa.pt\/\"},{\"@type\":\"ListItem\",\"position\":2,\"name\":\"Agenda\"}]}]}<\/script>\n<!-- \/ Yoast SEO plugin. -->","yoast_head_json":{"title":"Agenda - Blend","robots":{"index":"index","follow":"follow","max-snippet":"max-snippet:-1","max-image-preview":"max-image-preview:large","max-video-preview":"max-video-preview:-1"},"canonical":"https:\/\/blend.imm.medicina.ulisboa.pt\/agenda\/","og_locale":"pt_PT","og_type":"article","og_title":"Agenda - Blend","og_description":"Agenda Art &amp; Science Talks e LASER Talks 29 abril 2022 | 17h Art &amp; Science TalksApresenta\u00e7\u00e3o com Marta de Menezes e Lu\u00eds Gra\u00e7a.Hosting In\u00eas Domingues (Instituto de Medicina Molecular Jo\u00e3o Lobo Antunes) e Joana Sousa (Faculdade de Medicina da Universidade de Lisboa). Local: Edif\u00edcio Egas Moniz &#8211; Grande Audit\u00f3rio Jo\u00e3o Lobo Antunes. Ver mapa &hellip; Continued","og_url":"https:\/\/blend.imm.medicina.ulisboa.pt\/agenda\/","og_site_name":"Blend","article_modified_time":"2024-01-22T11:13:16+00:00","twitter_card":"summary_large_image","twitter_misc":{"Tempo estimado de leitura":"2 minutos"},"schema":{"@context":"https:\/\/schema.org","@graph":[{"@type":"WebSite","@id":"https:\/\/blend.imm.medicina.ulisboa.pt\/en\/#website","url":"https:\/\/blend.imm.medicina.ulisboa.pt\/en\/","name":"Blend","description":"Arte contempor\u00e2nea em di\u00e1logo com medicina e ci\u00eancia","potentialAction":[{"@type":"SearchAction","target":{"@type":"EntryPoint","urlTemplate":"https:\/\/blend.imm.medicina.ulisboa.pt\/en\/?s={search_term_string}"},"query-input":"required name=search_term_string"}],"inLanguage":"pt-PT"},{"@type":"WebPage","@id":"https:\/\/blend.imm.medicina.ulisboa.pt\/agenda\/#webpage","url":"https:\/\/blend.imm.medicina.ulisboa.pt\/agenda\/","name":"Agenda - Blend","isPartOf":{"@id":"https:\/\/blend.imm.medicina.ulisboa.pt\/en\/#website"},"datePublished":"2022-04-19T13:14:19+00:00","dateModified":"2024-01-22T11:13:16+00:00","breadcrumb":{"@id":"https:\/\/blend.imm.medicina.ulisboa.pt\/agenda\/#breadcrumb"},"inLanguage":"pt-PT","potentialAction":[{"@type":"ReadAction","target":["https:\/\/blend.imm.medicina.ulisboa.pt\/agenda\/"]}]},{"@type":"BreadcrumbList","@id":"https:\/\/blend.imm.medicina.ulisboa.pt\/agenda\/#breadcrumb","itemListElement":[{"@type":"ListItem","position":1,"name":"Home","item":"https:\/\/blend.imm.medicina.ulisboa.pt\/"},{"@type":"ListItem","position":2,"name":"Agenda"}]}]}},"_links":{"self":[{"href":"https:\/\/blend.imm.medicina.ulisboa.pt\/en\/wp-json\/wp\/v2\/pages\/9"}],"collection":[{"href":"https:\/\/blend.imm.medicina.ulisboa.pt\/en\/wp-json\/wp\/v2\/pages"}],"about":[{"href":"https:\/\/blend.imm.medicina.ulisboa.pt\/en\/wp-json\/wp\/v2\/types\/page"}],"author":[{"embeddable":true,"href":"https:\/\/blend.imm.medicina.ulisboa.pt\/en\/wp-json\/wp\/v2\/users\/13"}],"replies":[{"embeddable":true,"href":"https:\/\/blend.imm.medicina.ulisboa.pt\/en\/wp-json\/wp\/v2\/comments?post=9"}],"version-history":[{"count":34,"href":"https:\/\/blend.imm.medicina.ulisboa.pt\/en\/wp-json\/wp\/v2\/pages\/9\/revisions"}],"predecessor-version":[{"id":412,"href":"https:\/\/blend.imm.medicina.ulisboa.pt\/en\/wp-json\/wp\/v2\/pages\/9\/revisions\/412"}],"wp:attachment":[{"href":"https:\/\/blend.imm.medicina.ulisboa.pt\/en\/wp-json\/wp\/v2\/media?parent=9"}],"curies":[{"name":"wp","href":"https:\/\/api.w.org\/{rel}","templated":true}]}}